{"id":2200,"date":"2025-01-26T14:19:41","date_gmt":"2025-01-26T14:19:41","guid":{"rendered":"https:\/\/tir-service.lt\/?page_id=2200"},"modified":"2025-01-26T19:05:56","modified_gmt":"2025-01-26T19:05:56","slug":"safety-security-declarations","status":"publish","type":"page","link":"https:\/\/tir-service.lt\/lt\/safety-security-declarations\/","title":{"rendered":"Safety &amp; Security Declarations"},"content":{"rendered":"\t\t<div data-elementor-type=\"wp-page\" data-elementor-id=\"2200\" class=\"elementor elementor-2200\">\n\t\t\t\t<div data-particle_enable=\"false\" data-particle-mobile-disabled=\"false\" class=\"elementor-element elementor-element-a9e1b90 e-flex e-con-boxed wpr-particle-no wpr-jarallax-no wpr-parallax-no wpr-sticky-section-no e-con e-parent\" data-id=\"a9e1b90\" data-element_type=\"container\">\n\t\t\t\t\t<div class=\"e-con-inner\">\n\t\t\t\t<div class=\"elementor-element elementor-element-01537d2 elementor-widget elementor-widget-heading\" data-id=\"01537d2\" data-element_type=\"widget\" data-widget_type=\"heading.default\">\n\t\t\t\t<div class=\"elementor-widget-container\">\n\t\t\t\t\t<h2 class=\"elementor-heading-title elementor-size-default\">SVARBU! <br>\nNuo sausio 31 d. ! <br>\n Bus apmokestinta GB S&amp;S deklaracija + GMR br\u016bk\u0161ninis kodas.<\/h2>\t\t\t\t<\/div>\n\t\t\t\t<\/div>\n\t\t\t\t<div class=\"elementor-element elementor-element-288977a elementor-widget elementor-widget-text-editor\" data-id=\"288977a\" data-element_type=\"widget\" data-widget_type=\"text-editor.default\">\n\t\t\t\t<div class=\"elementor-widget-container\">\n\t\t\t\t\t\t\t\t\t<p><strong>Kas tur\u0117t\u0173 pateikti:<\/strong><\/p><p>Teisinis reikalavimas pateikti deklaracij\u0105 tenka ve\u017e\u0117jui. Tai aktyvios transporto priemon\u0117s, kurioje prek\u0117s \u012fve\u017eamos \u012f muit\u0173 teritorij\u0105, operatorius.<\/p><p>Ve\u017e\u0117jas yra atsakingas u\u017e tai, kad deklaracija b\u016bt\u0173 pateikta per teis\u0117s aktuose nustatytus terminus, o tai gali padaryti tik atstovas arba tre\u010dioji \u0161alis, ve\u017e\u0117jui \u017einant ir sutikus.<\/p><p>\u00a0<\/p>\t\t\t\t\t\t\t\t<\/div>\n\t\t\t\t<\/div>\n\t\t\t\t<div class=\"elementor-element elementor-element-b9d491c elementor-align-center elementor-widget elementor-widget-button\" data-id=\"b9d491c\" data-element_type=\"widget\" data-widget_type=\"button.default\">\n\t\t\t\t<div class=\"elementor-widget-container\">\n\t\t\t\t\t\t\t\t\t<div class=\"elementor-button-wrapper\">\n\t\t\t\t\t<a class=\"elementor-button elementor-button-link elementor-size-sm\" href=\"mailto:tpc@tpc.eu\">\n\t\t\t\t\t\t<span class=\"elementor-button-content-wrapper\">\n\t\t\t\t\t\t\t\t\t<span class=\"elementor-button-text\">Susisiekti ir su\u017einoti apie kainas<\/span>\n\t\t\t\t\t<\/span>\n\t\t\t\t\t<\/a>\n\t\t\t\t<\/div>\n\t\t\t\t\t\t\t\t<\/div>\n\t\t\t\t<\/div>\n\t\t\t\t\t<\/div>\n\t\t\t\t<\/div>\n\t\t\t\t<\/div>\n\t\t","protected":false},"excerpt":{"rendered":"<p>SVARBU! Nuo sausio 31 d. ! Bus apmokestinta GB S&amp;S deklaracija + GMR br\u016bk\u0161ninis kodas. Kas tur\u0117t\u0173 pateikti: Teisinis reikalavimas pateikti deklaracij\u0105 tenka ve\u017e\u0117jui. Tai aktyvios transporto priemon\u0117s, kurioje prek\u0117s \u012fve\u017eamos \u012f muit\u0173 teritorij\u0105, operatorius. Ve\u017e\u0117jas yra atsakingas u\u017e tai, kad deklaracija b\u016bt\u0173 pateikta per teis\u0117s aktuose nustatytus terminus, o tai gali padaryti tik atstovas arba tre\u010dioji \u0161alis, ve\u017e\u0117jui \u017einant ir sutikus. \u00a0 Susisiekti ir su\u017einoti apie kainas<\/p>\n","protected":false},"author":2,"featured_media":0,"parent":0,"menu_order":0,"comment_status":"closed","ping_status":"closed","template":"","meta":{"_monsterinsights_skip_tracking":false,"_monsterinsights_sitenote_active":false,"_monsterinsights_sitenote_note":"","_monsterinsights_sitenote_category":0,"footnotes":""},"class_list":["post-2200","page","type-page","status-publish","hentry"],"aioseo_notices":[],"aioseo_head":"\n\t\t<!-- All in One SEO Pro 4.9.3 - aioseo.com -->\n\t<meta name=\"description\" content=\"SVARBU! Nuo sausio 31 d. ! Bus apmokestinta GB S&amp;S deklaracija + GMR br\u016bk\u0161ninis kodas. Kas tur\u0117t\u0173 pateikti:Teisinis reikalavimas pateikti deklaracij\u0105 tenka ve\u017e\u0117jui. Tai aktyvios transporto priemon\u0117s, kurioje prek\u0117s \u012fve\u017eamos \u012f muit\u0173 teritorij\u0105, operatorius.Ve\u017e\u0117jas yra atsakingas u\u017e tai, kad deklaracija b\u016bt\u0173 pateikta per teis\u0117s aktuose nustatytus terminus, o tai gali padaryti tik atstovas arba tre\u010dioji\" \/>\n\t<meta name=\"robots\" content=\"max-image-preview:large\" \/>\n\t<link rel=\"canonical\" href=\"https:\/\/tir-service.lt\/lt\/safety-security-declarations\/\" \/>\n\t<meta name=\"generator\" content=\"All in One SEO Pro (AIOSEO) 4.9.3\" \/>\n\t\t<meta property=\"og:locale\" content=\"lt_LT\" \/>\n\t\t<meta property=\"og:site_name\" content=\"TIR SERVICE - Tranzito paslaugu centras TPC, muitin\u0117, 3pl , ekspedijavimas, sand\u0117liavimas\" \/>\n\t\t<meta property=\"og:type\" content=\"article\" \/>\n\t\t<meta property=\"og:title\" content=\"Safety &amp; Security Declarations - TIR SERVICE\" \/>\n\t\t<meta property=\"og:description\" content=\"SVARBU! Nuo sausio 31 d. ! Bus apmokestinta GB S&amp;S deklaracija + GMR br\u016bk\u0161ninis kodas. Kas tur\u0117t\u0173 pateikti:Teisinis reikalavimas pateikti deklaracij\u0105 tenka ve\u017e\u0117jui. Tai aktyvios transporto priemon\u0117s, kurioje prek\u0117s \u012fve\u017eamos \u012f muit\u0173 teritorij\u0105, operatorius.Ve\u017e\u0117jas yra atsakingas u\u017e tai, kad deklaracija b\u016bt\u0173 pateikta per teis\u0117s aktuose nustatytus terminus, o tai gali padaryti tik atstovas arba tre\u010dioji\" \/>\n\t\t<meta property=\"og:url\" content=\"https:\/\/tir-service.lt\/lt\/safety-security-declarations\/\" \/>\n\t\t<meta property=\"og:image\" content=\"https:\/\/tir-service.lt\/wp-content\/uploads\/2024\/01\/Screenshot_2024-01-16_at_17.17.08-removebg-preview.png\" \/>\n\t\t<meta property=\"og:image:secure_url\" content=\"https:\/\/tir-service.lt\/wp-content\/uploads\/2024\/01\/Screenshot_2024-01-16_at_17.17.08-removebg-preview.png\" \/>\n\t\t<meta property=\"og:image:width\" content=\"774\" \/>\n\t\t<meta property=\"og:image:height\" content=\"322\" \/>\n\t\t<meta property=\"article:published_time\" content=\"2025-01-26T14:19:41+00:00\" \/>\n\t\t<meta property=\"article:modified_time\" content=\"2025-01-26T19:05:56+00:00\" \/>\n\t\t<meta name=\"twitter:card\" content=\"summary_large_image\" \/>\n\t\t<meta name=\"twitter:title\" content=\"Safety &amp; Security Declarations - TIR SERVICE\" \/>\n\t\t<meta name=\"twitter:description\" content=\"SVARBU! Nuo sausio 31 d. ! Bus apmokestinta GB S&amp;S deklaracija + GMR br\u016bk\u0161ninis kodas. Kas tur\u0117t\u0173 pateikti:Teisinis reikalavimas pateikti deklaracij\u0105 tenka ve\u017e\u0117jui. Tai aktyvios transporto priemon\u0117s, kurioje prek\u0117s \u012fve\u017eamos \u012f muit\u0173 teritorij\u0105, operatorius.Ve\u017e\u0117jas yra atsakingas u\u017e tai, kad deklaracija b\u016bt\u0173 pateikta per teis\u0117s aktuose nustatytus terminus, o tai gali padaryti tik atstovas arba tre\u010dioji\" \/>\n\t\t<meta name=\"twitter:image\" content=\"https:\/\/tir-service.lt\/wp-content\/uploads\/2024\/01\/Screenshot_2024-01-16_at_17.17.08-removebg-preview.png\" \/>\n\t\t<script type=\"application\/ld+json\" class=\"aioseo-schema\">\n\t\t\t{\"@context\":\"https:\\\/\\\/schema.org\",\"@graph\":[{\"@type\":\"BreadcrumbList\",\"@id\":\"https:\\\/\\\/tir-service.lt\\\/lt\\\/safety-security-declarations\\\/#breadcrumblist\",\"itemListElement\":[{\"@type\":\"ListItem\",\"@id\":\"https:\\\/\\\/tir-service.lt\\\/lt#listItem\",\"position\":1,\"name\":\"Home\",\"item\":\"https:\\\/\\\/tir-service.lt\\\/lt\",\"nextItem\":{\"@type\":\"ListItem\",\"@id\":\"https:\\\/\\\/tir-service.lt\\\/lt\\\/safety-security-declarations\\\/#listItem\",\"name\":\"Safety &amp; Security Declarations\"}},{\"@type\":\"ListItem\",\"@id\":\"https:\\\/\\\/tir-service.lt\\\/lt\\\/safety-security-declarations\\\/#listItem\",\"position\":2,\"name\":\"Safety &amp; Security Declarations\",\"previousItem\":{\"@type\":\"ListItem\",\"@id\":\"https:\\\/\\\/tir-service.lt\\\/lt#listItem\",\"name\":\"Home\"}}]},{\"@type\":\"Organization\",\"@id\":\"https:\\\/\\\/tir-service.lt\\\/lt\\\/#organization\",\"name\":\"UAB \\u201eTranzito paslaug\\u0173 centras\\u201d\",\"description\":\"Tranzito paslaugu centras TPC, muitin\\u0117, 3pl , ekspedijavimas, sand\\u0117liavimas\",\"url\":\"https:\\\/\\\/tir-service.lt\\\/lt\\\/\",\"telephone\":\"+37068771344\",\"logo\":{\"@type\":\"ImageObject\",\"url\":\"https:\\\/\\\/tir-service.lt\\\/wp-content\\\/uploads\\\/2024\\\/01\\\/Screenshot_2024-01-16_at_17.17.08-removebg-preview.png\",\"@id\":\"https:\\\/\\\/tir-service.lt\\\/lt\\\/safety-security-declarations\\\/#organizationLogo\",\"width\":774,\"height\":322,\"caption\":\"Tranzito paslaugu centras TPC, 3pl , ekspedijavimas, sandeliavimas\"},\"image\":{\"@id\":\"https:\\\/\\\/tir-service.lt\\\/lt\\\/safety-security-declarations\\\/#organizationLogo\"}},{\"@type\":\"WebPage\",\"@id\":\"https:\\\/\\\/tir-service.lt\\\/lt\\\/safety-security-declarations\\\/#webpage\",\"url\":\"https:\\\/\\\/tir-service.lt\\\/lt\\\/safety-security-declarations\\\/\",\"name\":\"Safety & Security Declarations - TIR SERVICE\",\"description\":\"SVARBU! Nuo sausio 31 d. ! Bus apmokestinta GB S&S deklaracija + GMR br\\u016bk\\u0161ninis kodas. Kas tur\\u0117t\\u0173 pateikti:Teisinis reikalavimas pateikti deklaracij\\u0105 tenka ve\\u017e\\u0117jui. Tai aktyvios transporto priemon\\u0117s, kurioje prek\\u0117s \\u012fve\\u017eamos \\u012f muit\\u0173 teritorij\\u0105, operatorius.Ve\\u017e\\u0117jas yra atsakingas u\\u017e tai, kad deklaracija b\\u016bt\\u0173 pateikta per teis\\u0117s aktuose nustatytus terminus, o tai gali padaryti tik atstovas arba tre\\u010dioji\",\"inLanguage\":\"lt-LT\",\"isPartOf\":{\"@id\":\"https:\\\/\\\/tir-service.lt\\\/lt\\\/#website\"},\"breadcrumb\":{\"@id\":\"https:\\\/\\\/tir-service.lt\\\/lt\\\/safety-security-declarations\\\/#breadcrumblist\"},\"datePublished\":\"2025-01-26T14:19:41+00:00\",\"dateModified\":\"2025-01-26T19:05:56+00:00\"},{\"@type\":\"WebSite\",\"@id\":\"https:\\\/\\\/tir-service.lt\\\/lt\\\/#website\",\"url\":\"https:\\\/\\\/tir-service.lt\\\/lt\\\/\",\"name\":\"TIR SERVICE\",\"description\":\"Tranzito paslaugu centras TPC, muitin\\u0117, 3pl , ekspedijavimas, sand\\u0117liavimas\",\"inLanguage\":\"lt-LT\",\"publisher\":{\"@id\":\"https:\\\/\\\/tir-service.lt\\\/lt\\\/#organization\"}}]}\n\t\t<\/script>\n\t\t<!-- All in One SEO Pro -->\r\n\t\t<title>Safety &amp; Security Declarations - TIR SERVICE<\/title>\n\n","aioseo_head_json":{"title":"Safety & Security Declarations - TIR SERVICE","description":"SVARBU! Nuo sausio 31 d. ! Bus apmokestinta GB S&S deklaracija + GMR br\u016bk\u0161ninis kodas. Kas tur\u0117t\u0173 pateikti:Teisinis reikalavimas pateikti deklaracij\u0105 tenka ve\u017e\u0117jui. Tai aktyvios transporto priemon\u0117s, kurioje prek\u0117s \u012fve\u017eamos \u012f muit\u0173 teritorij\u0105, operatorius.Ve\u017e\u0117jas yra atsakingas u\u017e tai, kad deklaracija b\u016bt\u0173 pateikta per teis\u0117s aktuose nustatytus terminus, o tai gali padaryti tik atstovas arba tre\u010dioji","canonical_url":"https:\/\/tir-service.lt\/lt\/safety-security-declarations\/","robots":"max-image-preview:large","keywords":"","webmasterTools":{"miscellaneous":""},"schema":{"@context":"https:\/\/schema.org","@graph":[{"@type":"BreadcrumbList","@id":"https:\/\/tir-service.lt\/lt\/safety-security-declarations\/#breadcrumblist","itemListElement":[{"@type":"ListItem","@id":"https:\/\/tir-service.lt\/lt#listItem","position":1,"name":"Home","item":"https:\/\/tir-service.lt\/lt","nextItem":{"@type":"ListItem","@id":"https:\/\/tir-service.lt\/lt\/safety-security-declarations\/#listItem","name":"Safety &amp; Security Declarations"}},{"@type":"ListItem","@id":"https:\/\/tir-service.lt\/lt\/safety-security-declarations\/#listItem","position":2,"name":"Safety &amp; Security Declarations","previousItem":{"@type":"ListItem","@id":"https:\/\/tir-service.lt\/lt#listItem","name":"Home"}}]},{"@type":"Organization","@id":"https:\/\/tir-service.lt\/lt\/#organization","name":"UAB \u201eTranzito paslaug\u0173 centras\u201d","description":"Tranzito paslaugu centras TPC, muitin\u0117, 3pl , ekspedijavimas, sand\u0117liavimas","url":"https:\/\/tir-service.lt\/lt\/","telephone":"+37068771344","logo":{"@type":"ImageObject","url":"https:\/\/tir-service.lt\/wp-content\/uploads\/2024\/01\/Screenshot_2024-01-16_at_17.17.08-removebg-preview.png","@id":"https:\/\/tir-service.lt\/lt\/safety-security-declarations\/#organizationLogo","width":774,"height":322,"caption":"Tranzito paslaugu centras TPC, 3pl , ekspedijavimas, sandeliavimas"},"image":{"@id":"https:\/\/tir-service.lt\/lt\/safety-security-declarations\/#organizationLogo"}},{"@type":"WebPage","@id":"https:\/\/tir-service.lt\/lt\/safety-security-declarations\/#webpage","url":"https:\/\/tir-service.lt\/lt\/safety-security-declarations\/","name":"Safety & Security Declarations - TIR SERVICE","description":"SVARBU! Nuo sausio 31 d. ! Bus apmokestinta GB S&S deklaracija + GMR br\u016bk\u0161ninis kodas. Kas tur\u0117t\u0173 pateikti:Teisinis reikalavimas pateikti deklaracij\u0105 tenka ve\u017e\u0117jui. Tai aktyvios transporto priemon\u0117s, kurioje prek\u0117s \u012fve\u017eamos \u012f muit\u0173 teritorij\u0105, operatorius.Ve\u017e\u0117jas yra atsakingas u\u017e tai, kad deklaracija b\u016bt\u0173 pateikta per teis\u0117s aktuose nustatytus terminus, o tai gali padaryti tik atstovas arba tre\u010dioji","inLanguage":"lt-LT","isPartOf":{"@id":"https:\/\/tir-service.lt\/lt\/#website"},"breadcrumb":{"@id":"https:\/\/tir-service.lt\/lt\/safety-security-declarations\/#breadcrumblist"},"datePublished":"2025-01-26T14:19:41+00:00","dateModified":"2025-01-26T19:05:56+00:00"},{"@type":"WebSite","@id":"https:\/\/tir-service.lt\/lt\/#website","url":"https:\/\/tir-service.lt\/lt\/","name":"TIR SERVICE","description":"Tranzito paslaugu centras TPC, muitin\u0117, 3pl , ekspedijavimas, sand\u0117liavimas","inLanguage":"lt-LT","publisher":{"@id":"https:\/\/tir-service.lt\/lt\/#organization"}}]},"og:locale":"lt_LT","og:site_name":"TIR SERVICE - Tranzito paslaugu centras TPC, muitin\u0117, 3pl , ekspedijavimas, sand\u0117liavimas","og:type":"article","og:title":"Safety &amp; Security Declarations - TIR SERVICE","og:description":"SVARBU! Nuo sausio 31 d. ! Bus apmokestinta GB S&amp;S deklaracija + GMR br\u016bk\u0161ninis kodas. Kas tur\u0117t\u0173 pateikti:Teisinis reikalavimas pateikti deklaracij\u0105 tenka ve\u017e\u0117jui. Tai aktyvios transporto priemon\u0117s, kurioje prek\u0117s \u012fve\u017eamos \u012f muit\u0173 teritorij\u0105, operatorius.Ve\u017e\u0117jas yra atsakingas u\u017e tai, kad deklaracija b\u016bt\u0173 pateikta per teis\u0117s aktuose nustatytus terminus, o tai gali padaryti tik atstovas arba tre\u010dioji","og:url":"https:\/\/tir-service.lt\/lt\/safety-security-declarations\/","og:image":"https:\/\/tir-service.lt\/wp-content\/uploads\/2024\/01\/Screenshot_2024-01-16_at_17.17.08-removebg-preview.png","og:image:secure_url":"https:\/\/tir-service.lt\/wp-content\/uploads\/2024\/01\/Screenshot_2024-01-16_at_17.17.08-removebg-preview.png","og:image:width":774,"og:image:height":322,"article:published_time":"2025-01-26T14:19:41+00:00","article:modified_time":"2025-01-26T19:05:56+00:00","twitter:card":"summary_large_image","twitter:title":"Safety &amp; Security Declarations - TIR SERVICE","twitter:description":"SVARBU! Nuo sausio 31 d. ! Bus apmokestinta GB S&amp;S deklaracija + GMR br\u016bk\u0161ninis kodas. Kas tur\u0117t\u0173 pateikti:Teisinis reikalavimas pateikti deklaracij\u0105 tenka ve\u017e\u0117jui. Tai aktyvios transporto priemon\u0117s, kurioje prek\u0117s \u012fve\u017eamos \u012f muit\u0173 teritorij\u0105, operatorius.Ve\u017e\u0117jas yra atsakingas u\u017e tai, kad deklaracija b\u016bt\u0173 pateikta per teis\u0117s aktuose nustatytus terminus, o tai gali padaryti tik atstovas arba tre\u010dioji","twitter:image":"https:\/\/tir-service.lt\/wp-content\/uploads\/2024\/01\/Screenshot_2024-01-16_at_17.17.08-removebg-preview.png"},"aioseo_meta_data":{"post_id":"2200","title":null,"description":null,"keywords":null,"keyphrases":{"focus":{"keyphrase":"","score":0,"analysis":{"keyphraseInTitle":{"score":0,"maxScore":9,"error":1}}},"additional":[]},"primary_term":null,"canonical_url":null,"og_title":null,"og_description":null,"og_object_type":"default","og_image_type":"default","og_image_url":null,"og_image_width":null,"og_image_height":null,"og_image_custom_url":null,"og_image_custom_fields":null,"og_video":"","og_custom_url":null,"og_article_section":null,"og_article_tags":null,"twitter_use_og":false,"twitter_card":"default","twitter_image_type":"default","twitter_image_url":null,"twitter_image_custom_url":null,"twitter_image_custom_fields":null,"twitter_title":null,"twitter_description":null,"schema":{"blockGraphs":[],"customGraphs":[],"default":{"data":{"Article":[],"Course":[],"Dataset":[],"FAQPage":[],"Movie":[],"Person":[],"Product":[],"ProductReview":[],"Car":[],"Recipe":[],"Service":[],"SoftwareApplication":[],"WebPage":[]},"graphName":"WebPage","isEnabled":true},"graphs":[]},"schema_type":"default","schema_type_options":null,"pillar_content":false,"robots_default":true,"robots_noindex":false,"robots_noarchive":false,"robots_nosnippet":false,"robots_nofollow":false,"robots_noimageindex":false,"robots_noodp":false,"robots_notranslate":false,"robots_max_snippet":"-1","robots_max_videopreview":"-1","robots_max_imagepreview":"large","priority":null,"frequency":"default","local_seo":null,"seo_analyzer_scan_date":"2026-02-01 21:47:38","breadcrumb_settings":null,"limit_modified_date":false,"open_ai":"{\"title\":{\"suggestions\":[],\"usage\":0},\"description\":{\"suggestions\":[],\"usage\":0}}","ai":null,"created":"2025-01-26 14:14:57","updated":"2026-02-01 21:47:38"},"aioseo_breadcrumb":"<div class=\"aioseo-breadcrumbs\"><span class=\"aioseo-breadcrumb\">\n\t<a href=\"https:\/\/tir-service.lt\/lt\" title=\"Home\">Home<\/a>\n<\/span><span class=\"aioseo-breadcrumb-separator\">&raquo;<\/span><span class=\"aioseo-breadcrumb\">\n\tSafety &amp; Security Declarations\n<\/span><\/div>","aioseo_breadcrumb_json":[{"label":"Home","link":"https:\/\/tir-service.lt\/lt"},{"label":"Safety &amp; Security Declarations","link":"https:\/\/tir-service.lt\/lt\/safety-security-declarations\/"}],"_links":{"self":[{"href":"https:\/\/tir-service.lt\/lt\/wp-json\/wp\/v2\/pages\/2200","targetHints":{"allow":["GET"]}}],"collection":[{"href":"https:\/\/tir-service.lt\/lt\/wp-json\/wp\/v2\/pages"}],"about":[{"href":"https:\/\/tir-service.lt\/lt\/wp-json\/wp\/v2\/types\/page"}],"author":[{"embeddable":true,"href":"https:\/\/tir-service.lt\/lt\/wp-json\/wp\/v2\/users\/2"}],"replies":[{"embeddable":true,"href":"https:\/\/tir-service.lt\/lt\/wp-json\/wp\/v2\/comments?post=2200"}],"version-history":[{"count":7,"href":"https:\/\/tir-service.lt\/lt\/wp-json\/wp\/v2\/pages\/2200\/revisions"}],"predecessor-version":[{"id":2214,"href":"https:\/\/tir-service.lt\/lt\/wp-json\/wp\/v2\/pages\/2200\/revisions\/2214"}],"wp:attachment":[{"href":"https:\/\/tir-service.lt\/lt\/wp-json\/wp\/v2\/media?parent=2200"}],"curies":[{"name":"wp","href":"https:\/\/api.w.org\/{rel}","templated":true}]}}