{"id":1740,"date":"2024-01-11T13:15:14","date_gmt":"2024-01-11T13:15:14","guid":{"rendered":"https:\/\/tir-service.lt\/?page_id=1740"},"modified":"2024-01-30T13:16:07","modified_gmt":"2024-01-30T13:16:07","slug":"paslaugu-uzsakymas","status":"publish","type":"page","link":"https:\/\/tir-service.lt\/lt\/paslaugu-uzsakymas\/","title":{"rendered":"Paslaug\u0173 u\u017esakymas"},"content":{"rendered":"\t\t<div data-elementor-type=\"wp-page\" data-elementor-id=\"1740\" class=\"elementor elementor-1740\">\n\t\t\t\t<div data-particle_enable=\"false\" data-particle-mobile-disabled=\"false\" class=\"elementor-element elementor-element-c22fc9a e-flex e-con-boxed wpr-particle-no wpr-jarallax-no wpr-parallax-no wpr-sticky-section-no e-con e-parent\" data-id=\"c22fc9a\" data-element_type=\"container\">\n\t\t\t\t\t<div class=\"e-con-inner\">\n\t\t\t\t<div class=\"elementor-element elementor-element-dd220ea eael-contact-form-7-button-align-center eael-contact-form-7-button-custom elementor-widget elementor-widget-eael-contact-form-7\" data-id=\"dd220ea\" data-element_type=\"widget\" data-widget_type=\"eael-contact-form-7.default\">\n\t\t\t\t<div class=\"elementor-widget-container\">\n\t\t\t\t\t<div class=\"eael-contact-form-7-wrapper\">\n                <div class=\"eael-contact-form eael-contact-form-7 eael-contact-form-dd220ea placeholder-show eael-contact-form-align-default\">\n<div class=\"wpcf7 no-js\" id=\"wpcf7-f1200-o1\" lang=\"en-US\" dir=\"ltr\" data-wpcf7-id=\"1200\">\n<div class=\"screen-reader-response\"><p role=\"status\" aria-live=\"polite\" aria-atomic=\"true\"><\/p> <ul><\/ul><\/div>\n<form action=\"\/lt\/wp-json\/wp\/v2\/pages\/1740#wpcf7-f1200-o1\" method=\"post\" class=\"wpcf7-form init\" aria-label=\"Contact form\" novalidate=\"novalidate\" data-status=\"init\">\n<fieldset class=\"hidden-fields-container\"><input type=\"hidden\" name=\"_wpcf7\" value=\"1200\" \/><input type=\"hidden\" name=\"_wpcf7_version\" value=\"6.1.4\" \/><input type=\"hidden\" name=\"_wpcf7_locale\" value=\"en_US\" \/><input type=\"hidden\" name=\"_wpcf7_unit_tag\" value=\"wpcf7-f1200-o1\" \/><input type=\"hidden\" name=\"_wpcf7_container_post\" value=\"0\" \/><input type=\"hidden\" name=\"_wpcf7_posted_data_hash\" value=\"\" \/>\n<\/fieldset>\n<p><label> Vardas, pavard\u0117<br \/>\n<span class=\"wpcf7-form-control-wrap\" data-name=\"your-name\"><input size=\"40\" maxlength=\"400\" class=\"wpcf7-form-control wpcf7-text wpcf7-validates-as-required\" autocomplete=\"name\" aria-required=\"true\" aria-invalid=\"false\" value=\"\" type=\"text\" name=\"your-name\" \/><\/span> <\/label>\n<\/p>\n<p><label> El.pa\u0161tas<br \/>\n<span class=\"wpcf7-form-control-wrap\" data-name=\"your-email\"><input size=\"40\" maxlength=\"400\" class=\"wpcf7-form-control wpcf7-email wpcf7-validates-as-required wpcf7-text wpcf7-validates-as-email\" autocomplete=\"email\" aria-required=\"true\" aria-invalid=\"false\" value=\"\" type=\"email\" name=\"your-email\" \/><\/span> <\/label>\n<\/p>\n<p><label> Telefono numeris<br \/>\n<span class=\"wpcf7-form-control-wrap\" data-name=\"your-tel\"><input size=\"40\" maxlength=\"400\" class=\"wpcf7-form-control wpcf7-tel wpcf7-validates-as-required wpcf7-text wpcf7-validates-as-tel\" autocomplete=\"tel\" aria-required=\"true\" aria-invalid=\"false\" value=\"\" type=\"tel\" name=\"your-tel\" \/><\/span> <\/label>\n<\/p>\n<p><label> J\u016bs\u0173 \u017einut\u0117<br \/>\n<span class=\"wpcf7-form-control-wrap\" data-name=\"your-message\"><textarea cols=\"40\" rows=\"10\" maxlength=\"2000\" class=\"wpcf7-form-control wpcf7-textarea wpcf7-validates-as-required\" aria-required=\"true\" aria-invalid=\"false\" name=\"your-message\"><\/textarea><\/span> <\/label>\n<\/p>\n<p><input class=\"wpcf7-form-control wpcf7-submit has-spinner\" type=\"submit\" value=\"Si\u0173sti\" \/>\n<\/p><div class=\"wpcf7-response-output\" aria-hidden=\"true\"><\/div>\n<\/form>\n<\/div>\n<\/div>\n            <\/div>\t\t\t\t<\/div>\n\t\t\t\t<\/div>\n\t\t\t\t\t<\/div>\n\t\t\t\t<\/div>\n\t\t\t\t<\/div>\n\t\t","protected":false},"excerpt":{"rendered":"<p>Vardas, pavard\u0117 El.pa\u0161tas Telefono numeris J\u016bs\u0173 \u017einut\u0117<\/p>\n","protected":false},"author":1,"featured_media":0,"parent":0,"menu_order":0,"comment_status":"closed","ping_status":"closed","template":"","meta":{"_monsterinsights_skip_tracking":false,"_monsterinsights_sitenote_active":false,"_monsterinsights_sitenote_note":"","_monsterinsights_sitenote_category":0,"footnotes":""},"class_list":["post-1740","page","type-page","status-publish","hentry"],"aioseo_notices":[],"aioseo_head":"\n\t\t<!-- All in One SEO Pro 4.9.3 - aioseo.com -->\n\t<meta name=\"description\" content=\"Vardas, pavard\u0117 El.pa\u0161tas Telefono numeris J\u016bs\u0173 \u017einut\u0117\" \/>\n\t<meta name=\"robots\" content=\"max-image-preview:large\" \/>\n\t<link rel=\"canonical\" href=\"https:\/\/tir-service.lt\/lt\/paslaugu-uzsakymas\/\" \/>\n\t<meta name=\"generator\" content=\"All in One SEO Pro (AIOSEO) 4.9.3\" \/>\n\t\t<meta property=\"og:locale\" content=\"lt_LT\" \/>\n\t\t<meta property=\"og:site_name\" content=\"TIR SERVICE - Tranzito paslaugu centras TPC, muitin\u0117, 3pl , ekspedijavimas, sand\u0117liavimas\" \/>\n\t\t<meta property=\"og:type\" content=\"article\" \/>\n\t\t<meta property=\"og:title\" content=\"Paslaug\u0173 u\u017esakymas - TIR SERVICE\" \/>\n\t\t<meta property=\"og:description\" content=\"Vardas, pavard\u0117 El.pa\u0161tas Telefono numeris J\u016bs\u0173 \u017einut\u0117\" \/>\n\t\t<meta property=\"og:url\" content=\"https:\/\/tir-service.lt\/lt\/paslaugu-uzsakymas\/\" \/>\n\t\t<meta property=\"og:image\" content=\"https:\/\/tir-service.lt\/wp-content\/uploads\/2024\/01\/Screenshot_2024-01-16_at_17.17.08-removebg-preview.png\" \/>\n\t\t<meta property=\"og:image:secure_url\" content=\"https:\/\/tir-service.lt\/wp-content\/uploads\/2024\/01\/Screenshot_2024-01-16_at_17.17.08-removebg-preview.png\" \/>\n\t\t<meta property=\"og:image:width\" content=\"774\" \/>\n\t\t<meta property=\"og:image:height\" content=\"322\" \/>\n\t\t<meta property=\"article:published_time\" content=\"2024-01-11T13:15:14+00:00\" \/>\n\t\t<meta property=\"article:modified_time\" content=\"2024-01-30T13:16:07+00:00\" \/>\n\t\t<meta name=\"twitter:card\" content=\"summary_large_image\" \/>\n\t\t<meta name=\"twitter:title\" content=\"Paslaug\u0173 u\u017esakymas - TIR SERVICE\" \/>\n\t\t<meta name=\"twitter:description\" content=\"Vardas, pavard\u0117 El.pa\u0161tas Telefono numeris J\u016bs\u0173 \u017einut\u0117\" \/>\n\t\t<meta name=\"twitter:image\" content=\"https:\/\/tir-service.lt\/wp-content\/uploads\/2024\/01\/Screenshot_2024-01-16_at_17.17.08-removebg-preview.png\" \/>\n\t\t<script type=\"application\/ld+json\" class=\"aioseo-schema\">\n\t\t\t{\"@context\":\"https:\\\/\\\/schema.org\",\"@graph\":[{\"@type\":\"BreadcrumbList\",\"@id\":\"https:\\\/\\\/tir-service.lt\\\/lt\\\/paslaugu-uzsakymas\\\/#breadcrumblist\",\"itemListElement\":[{\"@type\":\"ListItem\",\"@id\":\"https:\\\/\\\/tir-service.lt\\\/lt#listItem\",\"position\":1,\"name\":\"Home\",\"item\":\"https:\\\/\\\/tir-service.lt\\\/lt\",\"nextItem\":{\"@type\":\"ListItem\",\"@id\":\"https:\\\/\\\/tir-service.lt\\\/lt\\\/paslaugu-uzsakymas\\\/#listItem\",\"name\":\"Paslaug\\u0173 u\\u017esakymas\"}},{\"@type\":\"ListItem\",\"@id\":\"https:\\\/\\\/tir-service.lt\\\/lt\\\/paslaugu-uzsakymas\\\/#listItem\",\"position\":2,\"name\":\"Paslaug\\u0173 u\\u017esakymas\",\"previousItem\":{\"@type\":\"ListItem\",\"@id\":\"https:\\\/\\\/tir-service.lt\\\/lt#listItem\",\"name\":\"Home\"}}]},{\"@type\":\"Organization\",\"@id\":\"https:\\\/\\\/tir-service.lt\\\/lt\\\/#organization\",\"name\":\"UAB \\u201eTranzito paslaug\\u0173 centras\\u201d\",\"description\":\"Tranzito paslaugu centras TPC, muitin\\u0117, 3pl , ekspedijavimas, sand\\u0117liavimas\",\"url\":\"https:\\\/\\\/tir-service.lt\\\/lt\\\/\",\"telephone\":\"+37068771344\",\"logo\":{\"@type\":\"ImageObject\",\"url\":\"https:\\\/\\\/tir-service.lt\\\/wp-content\\\/uploads\\\/2024\\\/01\\\/Screenshot_2024-01-16_at_17.17.08-removebg-preview.png\",\"@id\":\"https:\\\/\\\/tir-service.lt\\\/lt\\\/paslaugu-uzsakymas\\\/#organizationLogo\",\"width\":774,\"height\":322,\"caption\":\"Tranzito paslaugu centras TPC, 3pl , ekspedijavimas, sandeliavimas\"},\"image\":{\"@id\":\"https:\\\/\\\/tir-service.lt\\\/lt\\\/paslaugu-uzsakymas\\\/#organizationLogo\"}},{\"@type\":\"WebPage\",\"@id\":\"https:\\\/\\\/tir-service.lt\\\/lt\\\/paslaugu-uzsakymas\\\/#webpage\",\"url\":\"https:\\\/\\\/tir-service.lt\\\/lt\\\/paslaugu-uzsakymas\\\/\",\"name\":\"Paslaug\\u0173 u\\u017esakymas - TIR SERVICE\",\"description\":\"Vardas, pavard\\u0117 El.pa\\u0161tas Telefono numeris J\\u016bs\\u0173 \\u017einut\\u0117\",\"inLanguage\":\"lt-LT\",\"isPartOf\":{\"@id\":\"https:\\\/\\\/tir-service.lt\\\/lt\\\/#website\"},\"breadcrumb\":{\"@id\":\"https:\\\/\\\/tir-service.lt\\\/lt\\\/paslaugu-uzsakymas\\\/#breadcrumblist\"},\"datePublished\":\"2024-01-11T13:15:14+00:00\",\"dateModified\":\"2024-01-30T13:16:07+00:00\"},{\"@type\":\"WebSite\",\"@id\":\"https:\\\/\\\/tir-service.lt\\\/lt\\\/#website\",\"url\":\"https:\\\/\\\/tir-service.lt\\\/lt\\\/\",\"name\":\"TIR SERVICE\",\"description\":\"Tranzito paslaugu centras TPC, muitin\\u0117, 3pl , ekspedijavimas, sand\\u0117liavimas\",\"inLanguage\":\"lt-LT\",\"publisher\":{\"@id\":\"https:\\\/\\\/tir-service.lt\\\/lt\\\/#organization\"}}]}\n\t\t<\/script>\n\t\t<!-- All in One SEO Pro -->\r\n\t\t<title>Paslaug\u0173 u\u017esakymas - TIR SERVICE<\/title>\n\n","aioseo_head_json":{"title":"Paslaug\u0173 u\u017esakymas - TIR SERVICE","description":"Vardas, pavard\u0117 El.pa\u0161tas Telefono numeris J\u016bs\u0173 \u017einut\u0117","canonical_url":"https:\/\/tir-service.lt\/lt\/paslaugu-uzsakymas\/","robots":"max-image-preview:large","keywords":"","webmasterTools":{"miscellaneous":""},"schema":{"@context":"https:\/\/schema.org","@graph":[{"@type":"BreadcrumbList","@id":"https:\/\/tir-service.lt\/lt\/paslaugu-uzsakymas\/#breadcrumblist","itemListElement":[{"@type":"ListItem","@id":"https:\/\/tir-service.lt\/lt#listItem","position":1,"name":"Home","item":"https:\/\/tir-service.lt\/lt","nextItem":{"@type":"ListItem","@id":"https:\/\/tir-service.lt\/lt\/paslaugu-uzsakymas\/#listItem","name":"Paslaug\u0173 u\u017esakymas"}},{"@type":"ListItem","@id":"https:\/\/tir-service.lt\/lt\/paslaugu-uzsakymas\/#listItem","position":2,"name":"Paslaug\u0173 u\u017esakymas","previousItem":{"@type":"ListItem","@id":"https:\/\/tir-service.lt\/lt#listItem","name":"Home"}}]},{"@type":"Organization","@id":"https:\/\/tir-service.lt\/lt\/#organization","name":"UAB \u201eTranzito paslaug\u0173 centras\u201d","description":"Tranzito paslaugu centras TPC, muitin\u0117, 3pl , ekspedijavimas, sand\u0117liavimas","url":"https:\/\/tir-service.lt\/lt\/","telephone":"+37068771344","logo":{"@type":"ImageObject","url":"https:\/\/tir-service.lt\/wp-content\/uploads\/2024\/01\/Screenshot_2024-01-16_at_17.17.08-removebg-preview.png","@id":"https:\/\/tir-service.lt\/lt\/paslaugu-uzsakymas\/#organizationLogo","width":774,"height":322,"caption":"Tranzito paslaugu centras TPC, 3pl , ekspedijavimas, sandeliavimas"},"image":{"@id":"https:\/\/tir-service.lt\/lt\/paslaugu-uzsakymas\/#organizationLogo"}},{"@type":"WebPage","@id":"https:\/\/tir-service.lt\/lt\/paslaugu-uzsakymas\/#webpage","url":"https:\/\/tir-service.lt\/lt\/paslaugu-uzsakymas\/","name":"Paslaug\u0173 u\u017esakymas - TIR SERVICE","description":"Vardas, pavard\u0117 El.pa\u0161tas Telefono numeris J\u016bs\u0173 \u017einut\u0117","inLanguage":"lt-LT","isPartOf":{"@id":"https:\/\/tir-service.lt\/lt\/#website"},"breadcrumb":{"@id":"https:\/\/tir-service.lt\/lt\/paslaugu-uzsakymas\/#breadcrumblist"},"datePublished":"2024-01-11T13:15:14+00:00","dateModified":"2024-01-30T13:16:07+00:00"},{"@type":"WebSite","@id":"https:\/\/tir-service.lt\/lt\/#website","url":"https:\/\/tir-service.lt\/lt\/","name":"TIR SERVICE","description":"Tranzito paslaugu centras TPC, muitin\u0117, 3pl , ekspedijavimas, sand\u0117liavimas","inLanguage":"lt-LT","publisher":{"@id":"https:\/\/tir-service.lt\/lt\/#organization"}}]},"og:locale":"lt_LT","og:site_name":"TIR SERVICE - Tranzito paslaugu centras TPC, muitin\u0117, 3pl , ekspedijavimas, sand\u0117liavimas","og:type":"article","og:title":"Paslaug\u0173 u\u017esakymas - TIR SERVICE","og:description":"Vardas, pavard\u0117 El.pa\u0161tas Telefono numeris J\u016bs\u0173 \u017einut\u0117","og:url":"https:\/\/tir-service.lt\/lt\/paslaugu-uzsakymas\/","og:image":"https:\/\/tir-service.lt\/wp-content\/uploads\/2024\/01\/Screenshot_2024-01-16_at_17.17.08-removebg-preview.png","og:image:secure_url":"https:\/\/tir-service.lt\/wp-content\/uploads\/2024\/01\/Screenshot_2024-01-16_at_17.17.08-removebg-preview.png","og:image:width":774,"og:image:height":322,"article:published_time":"2024-01-11T13:15:14+00:00","article:modified_time":"2024-01-30T13:16:07+00:00","twitter:card":"summary_large_image","twitter:title":"Paslaug\u0173 u\u017esakymas - TIR SERVICE","twitter:description":"Vardas, pavard\u0117 El.pa\u0161tas Telefono numeris J\u016bs\u0173 \u017einut\u0117","twitter:image":"https:\/\/tir-service.lt\/wp-content\/uploads\/2024\/01\/Screenshot_2024-01-16_at_17.17.08-removebg-preview.png"},"aioseo_meta_data":{"post_id":"1740","title":null,"description":null,"keywords":null,"keyphrases":null,"primary_term":null,"canonical_url":null,"og_title":null,"og_description":null,"og_object_type":"default","og_image_type":"default","og_image_url":null,"og_image_width":null,"og_image_height":null,"og_image_custom_url":null,"og_image_custom_fields":null,"og_video":null,"og_custom_url":null,"og_article_section":null,"og_article_tags":null,"twitter_use_og":false,"twitter_card":"default","twitter_image_type":"default","twitter_image_url":null,"twitter_image_custom_url":null,"twitter_image_custom_fields":null,"twitter_title":null,"twitter_description":null,"schema":{"blockGraphs":[],"customGraphs":[],"default":{"data":{"Article":[],"Course":[],"Dataset":[],"FAQPage":[],"Movie":[],"Person":[],"Product":[],"ProductReview":[],"Car":[],"Recipe":[],"Service":[],"SoftwareApplication":[],"WebPage":[]},"graphName":"","isEnabled":true},"graphs":[]},"schema_type":"default","schema_type_options":null,"pillar_content":false,"robots_default":true,"robots_noindex":false,"robots_noarchive":false,"robots_nosnippet":false,"robots_nofollow":false,"robots_noimageindex":false,"robots_noodp":false,"robots_notranslate":false,"robots_max_snippet":null,"robots_max_videopreview":null,"robots_max_imagepreview":"large","priority":null,"frequency":null,"local_seo":null,"seo_analyzer_scan_date":"2026-02-01 21:48:50","breadcrumb_settings":null,"limit_modified_date":false,"open_ai":null,"ai":null,"created":"2024-02-05 10:36:53","updated":"2026-02-01 21:48:50"},"aioseo_breadcrumb":"<div class=\"aioseo-breadcrumbs\"><span class=\"aioseo-breadcrumb\">\n\t<a href=\"https:\/\/tir-service.lt\/lt\" title=\"Home\">Home<\/a>\n<\/span><span class=\"aioseo-breadcrumb-separator\">&raquo;<\/span><span class=\"aioseo-breadcrumb\">\n\tPaslaug\u0173 u\u017esakymas\n<\/span><\/div>","aioseo_breadcrumb_json":[{"label":"Home","link":"https:\/\/tir-service.lt\/lt"},{"label":"Paslaug\u0173 u\u017esakymas","link":"https:\/\/tir-service.lt\/lt\/paslaugu-uzsakymas\/"}],"_links":{"self":[{"href":"https:\/\/tir-service.lt\/lt\/wp-json\/wp\/v2\/pages\/1740","targetHints":{"allow":["GET"]}}],"collection":[{"href":"https:\/\/tir-service.lt\/lt\/wp-json\/wp\/v2\/pages"}],"about":[{"href":"https:\/\/tir-service.lt\/lt\/wp-json\/wp\/v2\/types\/page"}],"author":[{"embeddable":true,"href":"https:\/\/tir-service.lt\/lt\/wp-json\/wp\/v2\/users\/1"}],"replies":[{"embeddable":true,"href":"https:\/\/tir-service.lt\/lt\/wp-json\/wp\/v2\/comments?post=1740"}],"version-history":[{"count":0,"href":"https:\/\/tir-service.lt\/lt\/wp-json\/wp\/v2\/pages\/1740\/revisions"}],"wp:attachment":[{"href":"https:\/\/tir-service.lt\/lt\/wp-json\/wp\/v2\/media?parent=1740"}],"curies":[{"name":"wp","href":"https:\/\/api.w.org\/{rel}","templated":true}]}}