{"id":1224,"date":"2024-01-09T21:46:42","date_gmt":"2024-01-09T21:46:42","guid":{"rendered":"https:\/\/tir-service.lt\/?page_id=1224"},"modified":"2024-01-10T16:52:30","modified_gmt":"2024-01-10T16:52:30","slug":"susije-paslaugos","status":"publish","type":"page","link":"https:\/\/tir-service.lt\/lt\/susije-paslaugos\/","title":{"rendered":"Susij\u0119 paslaugos"},"content":{"rendered":"\t\t<div data-elementor-type=\"wp-page\" data-elementor-id=\"1224\" class=\"elementor elementor-1224\">\n\t\t\t\t<div data-particle_enable=\"false\" data-particle-mobile-disabled=\"false\" class=\"elementor-element elementor-element-4544d346 e-flex e-con-boxed wpr-particle-no wpr-jarallax-no wpr-parallax-no wpr-sticky-section-no e-con e-parent\" data-id=\"4544d346\" data-element_type=\"container\" data-no-translation=\"\">\n\t\t\t\t\t<div class=\"e-con-inner\">\n\t\t\t\t<div class=\"elementor-element elementor-element-254e4e79 elementor-widget elementor-widget-heading\" data-id=\"254e4e79\" data-element_type=\"widget\" data-widget_type=\"heading.default\">\n\t\t\t\t<div class=\"elementor-widget-container\">\n\t\t\t\t\t<h2 class=\"elementor-heading-title elementor-size-default\">Susij\u0119 paslaugos<\/h2>\t\t\t\t<\/div>\n\t\t\t\t<\/div>\n\t\t\t\t<div class=\"elementor-element elementor-element-76637449 elementor-widget elementor-widget-text-editor\" data-id=\"76637449\" data-element_type=\"widget\" data-widget_type=\"text-editor.default\">\n\t\t\t\t<div class=\"elementor-widget-container\">\n\t\t\t\t\t\t\t\t\t<p>\u0160alia m\u016bs\u0173 sand\u0117li\u0173 ir muitin\u0117s tarpininko atstov\u0173 yra nuolatos veikian\u010dios saugomos automobili\u0173 aik\u0161tel\u0117s.<\/p><p>Darome INTRASTAT ataskaitas (skirtas PVM mok\u0117tojams, kurie vykdydami prekybinius sandorius su ES \u0161ali\u0173 \u016bkio subjektais, \u012fve\u017ea ar i\u0161ve\u017ea prekes \u012f Lietuv\u0105 ar i\u0161 Lietuvos).<\/p><p>Draud\u017eiame CMR, krovini\u0173, transporto priemoni\u0173 valdytoj\u0173 civilin\u0117s atsakomyb\u0117s (\u017ealia korta) privalomuoju ir kt. draudimu.<\/p><p>Teikiame i\u0161kvietimus asmenims (\u012fmoni\u0173 darbuotojams) i\u0161 tre\u010di\u0173j\u0173 \u0161ali\u0173 vizoms gauti.<\/p><p>Ie\u0161kome informacijos apie \u012fmones ir asmenis, padedame i\u0161ie\u0161koti skolas, teikiame kit\u0105 informacin\u0119 pagalb\u0105.<\/p><p>24 \/ 7 konsultuojame ar kitaip padedame \u012fvairiose situacijose.<\/p>\t\t\t\t\t\t\t\t<\/div>\n\t\t\t\t<\/div>\n\t\t\t\t\t<\/div>\n\t\t\t\t<\/div>\n\t\t\t\t<\/div>\n\t\t","protected":false},"excerpt":{"rendered":"<p>Susij\u0119 paslaugos \u0160alia m\u016bs\u0173 sand\u0117li\u0173 ir muitin\u0117s tarpininko atstov\u0173 yra nuolatos veikian\u010dios saugomos automobili\u0173 aik\u0161tel\u0117s. Darome INTRASTAT ataskaitas (skirtas PVM mok\u0117tojams, kurie vykdydami prekybinius sandorius su ES \u0161ali\u0173 \u016bkio subjektais, \u012fve\u017ea ar i\u0161ve\u017ea prekes \u012f Lietuv\u0105 ar i\u0161 Lietuvos). Draud\u017eiame CMR, krovini\u0173, transporto priemoni\u0173 valdytoj\u0173 civilin\u0117s atsakomyb\u0117s (\u017ealia korta) privalomuoju ir kt. draudimu. Teikiame i\u0161kvietimus asmenims (\u012fmoni\u0173 darbuotojams) i\u0161 tre\u010di\u0173j\u0173 \u0161ali\u0173 vizoms gauti. Ie\u0161kome informacijos apie \u012fmones ir asmenis, padedame i\u0161ie\u0161koti skolas, teikiame kit\u0105 informacin\u0119 pagalb\u0105. 24 \/ 7 konsultuojame ar kitaip padedame \u012fvairiose situacijose. Interrelated services Secured parking services near warehouses, customs offices and customs agents operating 24\/7. We provide CMR insurance, cargo insurance, vehicle liability and other forms of insurance. If needed, we provide invitations to individuals (company employees) from third-country for visas. We provide information search and analysis services about companies and individuals help recover debts and provide other advisory assistance. We provide consulting and assistance in various situations 24 \/ 7. \u0421\u043e\u043f\u0443\u0442\u0441\u0442\u0432\u0443\u044e\u0449\u0438\u0435 \u0443\u0441\u043b\u0443\u0433\u0438 \u041e\u0431\u0435\u0441\u043f\u0435\u0447\u0438\u0432\u0430\u0435\u043c \u043e\u0445\u0440\u0430\u043d\u044f\u0435\u043c\u0443\u044e \u043f\u0430\u0440\u043a\u043e\u0432\u043a\u0443 \u0432\u043e\u0437\u043b\u0435 \u0441\u043a\u043b\u0430\u0434\u043e\u0432, \u0442\u0430\u043c\u043e\u0436\u0435\u043d\u043d\u044b\u0445 \u043e\u0440\u0433\u0430\u043d\u043e\u0432 \u0438 \u0442\u0430\u043c\u043e\u0436\u0435\u043d\u043d\u044b\u0445 \u0430\u0433\u0435\u043d\u0442\u043e\u0432, \u0440\u0430\u0431\u043e\u0442\u0430\u044e\u0449\u0438\u0445 \u043a\u0440\u0443\u0433\u043b\u043e\u0441\u0443\u0442\u043e\u0447\u043d\u043e \u0438 \u0431\u0435\u0437 \u0432\u044b\u0445\u043e\u0434\u043d\u044b\u0445. \u041e\u0444\u043e\u0440\u043c\u043b\u044f\u0435\u043c \u0441\u0442\u0440\u0430\u0445\u043e\u0432\u0430\u043d\u0438\u0435 CMR, \u0441\u0442\u0440\u0430\u0445\u043e\u0432\u0430\u043d\u0438\u0435 \u0433\u0440\u0443\u0437\u0430, \u0441\u0442\u0440\u0430\u0445\u043e\u0432\u0430\u043d\u0438\u0435 \u0433\u0440\u0430\u0436\u0434\u0430\u043d\u0441\u043a\u043e\u0439 \u043e\u0442\u0432\u0435\u0442\u0441\u0442\u0432\u0435\u043d\u043d\u043e\u0441\u0442\u0438 (\u0437\u0435\u043b\u0435\u043d\u0430\u044f \u043a\u0430\u0440\u0442\u043e\u0447\u043a\u0430) \u0438 \u0434\u0440\u0443\u0433\u043e\u0435 \u0441\u0442\u0440\u0430\u0445\u043e\u0432\u0430\u043d\u0438\u0435. \u041f\u0440\u0435\u0434\u043e\u0441\u0442\u0430\u0432\u043b\u044f\u0435\u043c \u043f\u0440\u0438\u0433\u043b\u0430\u0448\u0435\u043d\u0438\u044f \u0438\u043d\u0434\u0438\u0432\u0438\u0434\u0443\u0430\u043b\u044c\u043d\u044b\u043c \u043b\u0438\u0446\u0430\u043c (\u0441\u043e\u0442\u0440\u0443\u0434\u043d\u0438\u043a\u0430\u043c \u043a\u043e\u043c\u043f\u0430\u043d\u0438\u0438) \u0438\u0437 \u0442\u0440\u0435\u0442\u044c\u0438\u0445 \u0441\u0442\u0440\u0430\u043d \u0434\u043b\u044f \u043f\u043e\u043b\u0443\u0447\u0435\u043d\u0438\u044f \u0432\u0438\u0437. \u041f\u0440\u0435\u0434\u043e\u0441\u0442\u0430\u0432\u043b\u044f\u0435\u043c \u043f\u043e\u0438\u0441\u043a \u0438 \u0430\u043d\u0430\u043b\u0438\u0437 \u0438\u043d\u0444\u043e\u0440\u043c\u0430\u0446\u0438\u0438 \u043e \u043a\u043e\u043c\u043f\u0430\u043d\u0438\u044f\u0445 \u0438 \u0447\u0430\u0441\u0442\u043d\u044b\u0445 \u043b\u0438\u0446\u0430\u0445, \u043f\u043e\u043c\u043e\u0433\u0430\u0435\u043c \u0432\u0437\u044b\u0441\u043a\u0430\u0442\u044c \u0434\u043e\u043b\u0433\u0438 \u0438 \u043f\u0440\u0435\u0434\u043e\u0441\u0442\u0430\u0432\u043b\u044f\u0435\u043c \u0434\u0440\u0443\u0433\u0443\u044e \u043a\u043e\u043d\u0441\u0443\u043b\u044c\u0442\u0430\u0446\u0438\u043e\u043d\u043d\u0443\u044e \u043f\u043e\u043c\u043e\u0449\u044c. 24 \/ 7 \u043a\u043e\u043d\u0441\u0443\u043b\u044c\u0442\u0438\u0440\u0443\u0435\u043c \u0438 \u043f\u043e \u0434\u0440\u0443\u0433\u043e\u043c\u0443 \u043f\u043e\u043c\u043e\u0433\u0430\u0435\u043c \u0432 \u0440\u0430\u0437\u043d\u044b\u0445 \u0441\u0438\u0442\u0443\u0430\u0446\u0438\u044f\u0445.<\/p>\n","protected":false},"author":1,"featured_media":0,"parent":0,"menu_order":0,"comment_status":"closed","ping_status":"closed","template":"","meta":{"_monsterinsights_skip_tracking":false,"_monsterinsights_sitenote_active":false,"_monsterinsights_sitenote_note":"","_monsterinsights_sitenote_category":0,"footnotes":""},"class_list":["post-1224","page","type-page","status-publish","hentry"],"aioseo_notices":[],"aioseo_head":"\n\t\t<!-- All in One SEO Pro 4.9.3 - aioseo.com -->\n\t<meta name=\"description\" content=\"Susij\u0119 paslaugos \u0160alia m\u016bs\u0173 sand\u0117li\u0173 ir muitin\u0117s tarpininko atstov\u0173 yra nuolatos veikian\u010dios saugomos automobili\u0173 aik\u0161tel\u0117s.Darome INTRASTAT ataskaitas (skirtas PVM mok\u0117tojams, kurie vykdydami prekybinius sandorius su ES \u0161ali\u0173 \u016bkio subjektais, \u012fve\u017ea ar i\u0161ve\u017ea prekes \u012f Lietuv\u0105 ar i\u0161 Lietuvos).Draud\u017eiame CMR, krovini\u0173, transporto priemoni\u0173 valdytoj\u0173 civilin\u0117s atsakomyb\u0117s (\u017ealia korta) privalomuoju ir kt. draudimu.Teikiame i\u0161kvietimus asmenims (\u012fmoni\u0173 darbuotojams)\" \/>\n\t<meta name=\"robots\" content=\"max-image-preview:large\" \/>\n\t<link rel=\"canonical\" href=\"https:\/\/tir-service.lt\/lt\/susije-paslaugos\/\" \/>\n\t<meta name=\"generator\" content=\"All in One SEO Pro (AIOSEO) 4.9.3\" \/>\n\t\t<meta property=\"og:locale\" content=\"lt_LT\" \/>\n\t\t<meta property=\"og:site_name\" content=\"TIR SERVICE - Tranzito paslaugu centras TPC, muitin\u0117, 3pl , ekspedijavimas, sand\u0117liavimas\" \/>\n\t\t<meta property=\"og:type\" content=\"article\" \/>\n\t\t<meta property=\"og:title\" content=\"Susij\u0119 paslaugos - TIR SERVICE\" \/>\n\t\t<meta property=\"og:description\" content=\"Susij\u0119 paslaugos \u0160alia m\u016bs\u0173 sand\u0117li\u0173 ir muitin\u0117s tarpininko atstov\u0173 yra nuolatos veikian\u010dios saugomos automobili\u0173 aik\u0161tel\u0117s.Darome INTRASTAT ataskaitas (skirtas PVM mok\u0117tojams, kurie vykdydami prekybinius sandorius su ES \u0161ali\u0173 \u016bkio subjektais, \u012fve\u017ea ar i\u0161ve\u017ea prekes \u012f Lietuv\u0105 ar i\u0161 Lietuvos).Draud\u017eiame CMR, krovini\u0173, transporto priemoni\u0173 valdytoj\u0173 civilin\u0117s atsakomyb\u0117s (\u017ealia korta) privalomuoju ir kt. draudimu.Teikiame i\u0161kvietimus asmenims (\u012fmoni\u0173 darbuotojams)\" \/>\n\t\t<meta property=\"og:url\" content=\"https:\/\/tir-service.lt\/lt\/susije-paslaugos\/\" \/>\n\t\t<meta property=\"og:image\" content=\"https:\/\/tir-service.lt\/wp-content\/uploads\/2024\/01\/Screenshot_2024-01-16_at_17.17.08-removebg-preview.png\" \/>\n\t\t<meta property=\"og:image:secure_url\" content=\"https:\/\/tir-service.lt\/wp-content\/uploads\/2024\/01\/Screenshot_2024-01-16_at_17.17.08-removebg-preview.png\" \/>\n\t\t<meta property=\"og:image:width\" content=\"774\" \/>\n\t\t<meta property=\"og:image:height\" content=\"322\" \/>\n\t\t<meta property=\"article:published_time\" content=\"2024-01-09T21:46:42+00:00\" \/>\n\t\t<meta property=\"article:modified_time\" content=\"2024-01-10T16:52:30+00:00\" \/>\n\t\t<meta name=\"twitter:card\" content=\"summary_large_image\" \/>\n\t\t<meta name=\"twitter:title\" content=\"Susij\u0119 paslaugos - TIR SERVICE\" \/>\n\t\t<meta name=\"twitter:description\" content=\"Susij\u0119 paslaugos \u0160alia m\u016bs\u0173 sand\u0117li\u0173 ir muitin\u0117s tarpininko atstov\u0173 yra nuolatos veikian\u010dios saugomos automobili\u0173 aik\u0161tel\u0117s.Darome INTRASTAT ataskaitas (skirtas PVM mok\u0117tojams, kurie vykdydami prekybinius sandorius su ES \u0161ali\u0173 \u016bkio subjektais, \u012fve\u017ea ar i\u0161ve\u017ea prekes \u012f Lietuv\u0105 ar i\u0161 Lietuvos).Draud\u017eiame CMR, krovini\u0173, transporto priemoni\u0173 valdytoj\u0173 civilin\u0117s atsakomyb\u0117s (\u017ealia korta) privalomuoju ir kt. draudimu.Teikiame i\u0161kvietimus asmenims (\u012fmoni\u0173 darbuotojams)\" \/>\n\t\t<meta name=\"twitter:image\" content=\"https:\/\/tir-service.lt\/wp-content\/uploads\/2024\/01\/Screenshot_2024-01-16_at_17.17.08-removebg-preview.png\" \/>\n\t\t<script type=\"application\/ld+json\" class=\"aioseo-schema\">\n\t\t\t{\"@context\":\"https:\\\/\\\/schema.org\",\"@graph\":[{\"@type\":\"BreadcrumbList\",\"@id\":\"https:\\\/\\\/tir-service.lt\\\/lt\\\/susije-paslaugos\\\/#breadcrumblist\",\"itemListElement\":[{\"@type\":\"ListItem\",\"@id\":\"https:\\\/\\\/tir-service.lt\\\/lt#listItem\",\"position\":1,\"name\":\"Home\",\"item\":\"https:\\\/\\\/tir-service.lt\\\/lt\",\"nextItem\":{\"@type\":\"ListItem\",\"@id\":\"https:\\\/\\\/tir-service.lt\\\/lt\\\/susije-paslaugos\\\/#listItem\",\"name\":\"Susij\\u0119 paslaugos\"}},{\"@type\":\"ListItem\",\"@id\":\"https:\\\/\\\/tir-service.lt\\\/lt\\\/susije-paslaugos\\\/#listItem\",\"position\":2,\"name\":\"Susij\\u0119 paslaugos\",\"previousItem\":{\"@type\":\"ListItem\",\"@id\":\"https:\\\/\\\/tir-service.lt\\\/lt#listItem\",\"name\":\"Home\"}}]},{\"@type\":\"Organization\",\"@id\":\"https:\\\/\\\/tir-service.lt\\\/lt\\\/#organization\",\"name\":\"UAB \\u201eTranzito paslaug\\u0173 centras\\u201d\",\"description\":\"Tranzito paslaugu centras TPC, muitin\\u0117, 3pl , ekspedijavimas, sand\\u0117liavimas\",\"url\":\"https:\\\/\\\/tir-service.lt\\\/lt\\\/\",\"telephone\":\"+37068771344\",\"logo\":{\"@type\":\"ImageObject\",\"url\":\"https:\\\/\\\/tir-service.lt\\\/wp-content\\\/uploads\\\/2024\\\/01\\\/Screenshot_2024-01-16_at_17.17.08-removebg-preview.png\",\"@id\":\"https:\\\/\\\/tir-service.lt\\\/lt\\\/susije-paslaugos\\\/#organizationLogo\",\"width\":774,\"height\":322,\"caption\":\"Tranzito paslaugu centras TPC, 3pl , ekspedijavimas, sandeliavimas\"},\"image\":{\"@id\":\"https:\\\/\\\/tir-service.lt\\\/lt\\\/susije-paslaugos\\\/#organizationLogo\"}},{\"@type\":\"WebPage\",\"@id\":\"https:\\\/\\\/tir-service.lt\\\/lt\\\/susije-paslaugos\\\/#webpage\",\"url\":\"https:\\\/\\\/tir-service.lt\\\/lt\\\/susije-paslaugos\\\/\",\"name\":\"Susij\\u0119 paslaugos - TIR SERVICE\",\"description\":\"Susij\\u0119 paslaugos \\u0160alia m\\u016bs\\u0173 sand\\u0117li\\u0173 ir muitin\\u0117s tarpininko atstov\\u0173 yra nuolatos veikian\\u010dios saugomos automobili\\u0173 aik\\u0161tel\\u0117s.Darome INTRASTAT ataskaitas (skirtas PVM mok\\u0117tojams, kurie vykdydami prekybinius sandorius su ES \\u0161ali\\u0173 \\u016bkio subjektais, \\u012fve\\u017ea ar i\\u0161ve\\u017ea prekes \\u012f Lietuv\\u0105 ar i\\u0161 Lietuvos).Draud\\u017eiame CMR, krovini\\u0173, transporto priemoni\\u0173 valdytoj\\u0173 civilin\\u0117s atsakomyb\\u0117s (\\u017ealia korta) privalomuoju ir kt. draudimu.Teikiame i\\u0161kvietimus asmenims (\\u012fmoni\\u0173 darbuotojams)\",\"inLanguage\":\"lt-LT\",\"isPartOf\":{\"@id\":\"https:\\\/\\\/tir-service.lt\\\/lt\\\/#website\"},\"breadcrumb\":{\"@id\":\"https:\\\/\\\/tir-service.lt\\\/lt\\\/susije-paslaugos\\\/#breadcrumblist\"},\"datePublished\":\"2024-01-09T21:46:42+00:00\",\"dateModified\":\"2024-01-10T16:52:30+00:00\"},{\"@type\":\"WebSite\",\"@id\":\"https:\\\/\\\/tir-service.lt\\\/lt\\\/#website\",\"url\":\"https:\\\/\\\/tir-service.lt\\\/lt\\\/\",\"name\":\"TIR SERVICE\",\"description\":\"Tranzito paslaugu centras TPC, muitin\\u0117, 3pl , ekspedijavimas, sand\\u0117liavimas\",\"inLanguage\":\"lt-LT\",\"publisher\":{\"@id\":\"https:\\\/\\\/tir-service.lt\\\/lt\\\/#organization\"}}]}\n\t\t<\/script>\n\t\t<!-- All in One SEO Pro -->\r\n\t\t<title>Susij\u0119 paslaugos - TIR SERVICE<\/title>\n\n","aioseo_head_json":{"title":"Susij\u0119 paslaugos - TIR SERVICE","description":"Susij\u0119 paslaugos \u0160alia m\u016bs\u0173 sand\u0117li\u0173 ir muitin\u0117s tarpininko atstov\u0173 yra nuolatos veikian\u010dios saugomos automobili\u0173 aik\u0161tel\u0117s.Darome INTRASTAT ataskaitas (skirtas PVM mok\u0117tojams, kurie vykdydami prekybinius sandorius su ES \u0161ali\u0173 \u016bkio subjektais, \u012fve\u017ea ar i\u0161ve\u017ea prekes \u012f Lietuv\u0105 ar i\u0161 Lietuvos).Draud\u017eiame CMR, krovini\u0173, transporto priemoni\u0173 valdytoj\u0173 civilin\u0117s atsakomyb\u0117s (\u017ealia korta) privalomuoju ir kt. draudimu.Teikiame i\u0161kvietimus asmenims (\u012fmoni\u0173 darbuotojams)","canonical_url":"https:\/\/tir-service.lt\/lt\/susije-paslaugos\/","robots":"max-image-preview:large","keywords":"","webmasterTools":{"miscellaneous":""},"schema":{"@context":"https:\/\/schema.org","@graph":[{"@type":"BreadcrumbList","@id":"https:\/\/tir-service.lt\/lt\/susije-paslaugos\/#breadcrumblist","itemListElement":[{"@type":"ListItem","@id":"https:\/\/tir-service.lt\/lt#listItem","position":1,"name":"Home","item":"https:\/\/tir-service.lt\/lt","nextItem":{"@type":"ListItem","@id":"https:\/\/tir-service.lt\/lt\/susije-paslaugos\/#listItem","name":"Susij\u0119 paslaugos"}},{"@type":"ListItem","@id":"https:\/\/tir-service.lt\/lt\/susije-paslaugos\/#listItem","position":2,"name":"Susij\u0119 paslaugos","previousItem":{"@type":"ListItem","@id":"https:\/\/tir-service.lt\/lt#listItem","name":"Home"}}]},{"@type":"Organization","@id":"https:\/\/tir-service.lt\/lt\/#organization","name":"UAB \u201eTranzito paslaug\u0173 centras\u201d","description":"Tranzito paslaugu centras TPC, muitin\u0117, 3pl , ekspedijavimas, sand\u0117liavimas","url":"https:\/\/tir-service.lt\/lt\/","telephone":"+37068771344","logo":{"@type":"ImageObject","url":"https:\/\/tir-service.lt\/wp-content\/uploads\/2024\/01\/Screenshot_2024-01-16_at_17.17.08-removebg-preview.png","@id":"https:\/\/tir-service.lt\/lt\/susije-paslaugos\/#organizationLogo","width":774,"height":322,"caption":"Tranzito paslaugu centras TPC, 3pl , ekspedijavimas, sandeliavimas"},"image":{"@id":"https:\/\/tir-service.lt\/lt\/susije-paslaugos\/#organizationLogo"}},{"@type":"WebPage","@id":"https:\/\/tir-service.lt\/lt\/susije-paslaugos\/#webpage","url":"https:\/\/tir-service.lt\/lt\/susije-paslaugos\/","name":"Susij\u0119 paslaugos - TIR SERVICE","description":"Susij\u0119 paslaugos \u0160alia m\u016bs\u0173 sand\u0117li\u0173 ir muitin\u0117s tarpininko atstov\u0173 yra nuolatos veikian\u010dios saugomos automobili\u0173 aik\u0161tel\u0117s.Darome INTRASTAT ataskaitas (skirtas PVM mok\u0117tojams, kurie vykdydami prekybinius sandorius su ES \u0161ali\u0173 \u016bkio subjektais, \u012fve\u017ea ar i\u0161ve\u017ea prekes \u012f Lietuv\u0105 ar i\u0161 Lietuvos).Draud\u017eiame CMR, krovini\u0173, transporto priemoni\u0173 valdytoj\u0173 civilin\u0117s atsakomyb\u0117s (\u017ealia korta) privalomuoju ir kt. draudimu.Teikiame i\u0161kvietimus asmenims (\u012fmoni\u0173 darbuotojams)","inLanguage":"lt-LT","isPartOf":{"@id":"https:\/\/tir-service.lt\/lt\/#website"},"breadcrumb":{"@id":"https:\/\/tir-service.lt\/lt\/susije-paslaugos\/#breadcrumblist"},"datePublished":"2024-01-09T21:46:42+00:00","dateModified":"2024-01-10T16:52:30+00:00"},{"@type":"WebSite","@id":"https:\/\/tir-service.lt\/lt\/#website","url":"https:\/\/tir-service.lt\/lt\/","name":"TIR SERVICE","description":"Tranzito paslaugu centras TPC, muitin\u0117, 3pl , ekspedijavimas, sand\u0117liavimas","inLanguage":"lt-LT","publisher":{"@id":"https:\/\/tir-service.lt\/lt\/#organization"}}]},"og:locale":"lt_LT","og:site_name":"TIR SERVICE - Tranzito paslaugu centras TPC, muitin\u0117, 3pl , ekspedijavimas, sand\u0117liavimas","og:type":"article","og:title":"Susij\u0119 paslaugos - TIR SERVICE","og:description":"Susij\u0119 paslaugos \u0160alia m\u016bs\u0173 sand\u0117li\u0173 ir muitin\u0117s tarpininko atstov\u0173 yra nuolatos veikian\u010dios saugomos automobili\u0173 aik\u0161tel\u0117s.Darome INTRASTAT ataskaitas (skirtas PVM mok\u0117tojams, kurie vykdydami prekybinius sandorius su ES \u0161ali\u0173 \u016bkio subjektais, \u012fve\u017ea ar i\u0161ve\u017ea prekes \u012f Lietuv\u0105 ar i\u0161 Lietuvos).Draud\u017eiame CMR, krovini\u0173, transporto priemoni\u0173 valdytoj\u0173 civilin\u0117s atsakomyb\u0117s (\u017ealia korta) privalomuoju ir kt. draudimu.Teikiame i\u0161kvietimus asmenims (\u012fmoni\u0173 darbuotojams)","og:url":"https:\/\/tir-service.lt\/lt\/susije-paslaugos\/","og:image":"https:\/\/tir-service.lt\/wp-content\/uploads\/2024\/01\/Screenshot_2024-01-16_at_17.17.08-removebg-preview.png","og:image:secure_url":"https:\/\/tir-service.lt\/wp-content\/uploads\/2024\/01\/Screenshot_2024-01-16_at_17.17.08-removebg-preview.png","og:image:width":774,"og:image:height":322,"article:published_time":"2024-01-09T21:46:42+00:00","article:modified_time":"2024-01-10T16:52:30+00:00","twitter:card":"summary_large_image","twitter:title":"Susij\u0119 paslaugos - TIR SERVICE","twitter:description":"Susij\u0119 paslaugos \u0160alia m\u016bs\u0173 sand\u0117li\u0173 ir muitin\u0117s tarpininko atstov\u0173 yra nuolatos veikian\u010dios saugomos automobili\u0173 aik\u0161tel\u0117s.Darome INTRASTAT ataskaitas (skirtas PVM mok\u0117tojams, kurie vykdydami prekybinius sandorius su ES \u0161ali\u0173 \u016bkio subjektais, \u012fve\u017ea ar i\u0161ve\u017ea prekes \u012f Lietuv\u0105 ar i\u0161 Lietuvos).Draud\u017eiame CMR, krovini\u0173, transporto priemoni\u0173 valdytoj\u0173 civilin\u0117s atsakomyb\u0117s (\u017ealia korta) privalomuoju ir kt. draudimu.Teikiame i\u0161kvietimus asmenims (\u012fmoni\u0173 darbuotojams)","twitter:image":"https:\/\/tir-service.lt\/wp-content\/uploads\/2024\/01\/Screenshot_2024-01-16_at_17.17.08-removebg-preview.png"},"aioseo_meta_data":{"post_id":"1224","title":null,"description":null,"keywords":null,"keyphrases":null,"primary_term":null,"canonical_url":null,"og_title":null,"og_description":null,"og_object_type":"default","og_image_type":"default","og_image_url":null,"og_image_width":null,"og_image_height":null,"og_image_custom_url":null,"og_image_custom_fields":null,"og_video":null,"og_custom_url":null,"og_article_section":null,"og_article_tags":null,"twitter_use_og":false,"twitter_card":"default","twitter_image_type":"default","twitter_image_url":null,"twitter_image_custom_url":null,"twitter_image_custom_fields":null,"twitter_title":null,"twitter_description":null,"schema":{"blockGraphs":[],"customGraphs":[],"default":{"data":{"Article":[],"Course":[],"Dataset":[],"FAQPage":[],"Movie":[],"Person":[],"Product":[],"ProductReview":[],"Car":[],"Recipe":[],"Service":[],"SoftwareApplication":[],"WebPage":[]},"graphName":"","isEnabled":true},"graphs":[]},"schema_type":"default","schema_type_options":null,"pillar_content":false,"robots_default":true,"robots_noindex":false,"robots_noarchive":false,"robots_nosnippet":false,"robots_nofollow":false,"robots_noimageindex":false,"robots_noodp":false,"robots_notranslate":false,"robots_max_snippet":null,"robots_max_videopreview":null,"robots_max_imagepreview":"large","priority":null,"frequency":null,"local_seo":null,"seo_analyzer_scan_date":"2026-02-01 21:48:50","breadcrumb_settings":null,"limit_modified_date":false,"open_ai":null,"ai":null,"created":"2024-02-05 10:36:53","updated":"2026-02-01 21:48:50"},"aioseo_breadcrumb":"<div class=\"aioseo-breadcrumbs\"><span class=\"aioseo-breadcrumb\">\n\t<a href=\"https:\/\/tir-service.lt\/lt\" title=\"Home\">Home<\/a>\n<\/span><span class=\"aioseo-breadcrumb-separator\">&raquo;<\/span><span class=\"aioseo-breadcrumb\">\n\tSusij\u0119 paslaugos\n<\/span><\/div>","aioseo_breadcrumb_json":[{"label":"Home","link":"https:\/\/tir-service.lt\/lt"},{"label":"Susij\u0119 paslaugos","link":"https:\/\/tir-service.lt\/lt\/susije-paslaugos\/"}],"_links":{"self":[{"href":"https:\/\/tir-service.lt\/lt\/wp-json\/wp\/v2\/pages\/1224","targetHints":{"allow":["GET"]}}],"collection":[{"href":"https:\/\/tir-service.lt\/lt\/wp-json\/wp\/v2\/pages"}],"about":[{"href":"https:\/\/tir-service.lt\/lt\/wp-json\/wp\/v2\/types\/page"}],"author":[{"embeddable":true,"href":"https:\/\/tir-service.lt\/lt\/wp-json\/wp\/v2\/users\/1"}],"replies":[{"embeddable":true,"href":"https:\/\/tir-service.lt\/lt\/wp-json\/wp\/v2\/comments?post=1224"}],"version-history":[{"count":0,"href":"https:\/\/tir-service.lt\/lt\/wp-json\/wp\/v2\/pages\/1224\/revisions"}],"wp:attachment":[{"href":"https:\/\/tir-service.lt\/lt\/wp-json\/wp\/v2\/media?parent=1224"}],"curies":[{"name":"wp","href":"https:\/\/api.w.org\/{rel}","templated":true}]}}