{"id":1369,"date":"2024-01-09T22:44:41","date_gmt":"2024-01-09T22:44:41","guid":{"rendered":"https:\/\/tir-service.lt\/?page_id=1369"},"modified":"2024-01-10T16:48:27","modified_gmt":"2024-01-10T16:48:27","slug":"karjera","status":"publish","type":"page","link":"https:\/\/tir-service.lt\/en\/karjera\/","title":{"rendered":"CAREER"},"content":{"rendered":"<div data-elementor-type=\"wp-page\" data-elementor-id=\"1369\" class=\"elementor elementor-1369\">\n\t\t\t\t<div data-particle_enable=\"false\" data-particle-mobile-disabled=\"false\" class=\"elementor-element elementor-element-3f04b203 e-flex e-con-boxed wpr-particle-no wpr-jarallax-no wpr-parallax-no wpr-sticky-section-no e-con e-parent\" data-id=\"3f04b203\" data-element_type=\"container\" data-no-translation=\"\">\n\t\t\t\t\t<div class=\"e-con-inner\">\n\t\t\t\t<div class=\"elementor-element elementor-element-6433a90 elementor-widget elementor-widget-heading\" data-id=\"6433a90\" data-element_type=\"widget\" data-widget_type=\"heading.default\">\n\t\t\t\t<div class=\"elementor-widget-container\">\n\t\t\t\t\t<h2 class=\"elementor-heading-title elementor-size-default\">Karjera<\/h2>\t\t\t\t<\/div>\n\t\t\t\t<\/div>\n\t\t\t\t<div class=\"elementor-element elementor-element-9faa161 elementor-widget elementor-widget-text-editor\" data-id=\"9faa161\" data-element_type=\"widget\" data-widget_type=\"text-editor.default\">\n\t\t\t\t<div class=\"elementor-widget-container\">\n\t\t\t\t\t\t\t\t\t<p>Darbuotojai \u2013 svarbiausias m\u016bs\u0173 \u012fmon\u0117s turtas. Vertiname profesionalius, s\u0105\u017einingus ir ambicingus \u017emones. Siekiame kiekvienam savo komandos nariui sudaryti geriausias darbo s\u0105lygas ir suteikti vienodas galimybes tobul\u0117ti dinami\u0161koje krovini\u0173 perve\u017eim\u0173 srityje.<\/p><p>Jeigu Jus domint\u0173 darbas m\u016bs\u0173 \u012fmon\u0117je, pra\u0161ome savo gyvenimo apra\u0161ym\u0105 (CV) si\u0173sti adresu: <a href=\"mailto:tpc@tpc.eu\">tpc@tpc.eu<\/a><\/p>\t\t\t\t\t\t\t\t<\/div>\n\t\t\t\t<\/div>\n\t\t\t\t\t<\/div>\n\t\t\t\t<\/div>\n\t\t\t\t<\/div>","protected":false},"excerpt":{"rendered":"<p>Karjera Darbuotojai \u2013 svarbiausias m\u016bs\u0173 \u012fmon\u0117s turtas. Vertiname profesionalius, s\u0105\u017einingus ir ambicingus \u017emones. Siekiame kiekvienam savo komandos nariui sudaryti geriausias darbo s\u0105lygas ir suteikti vienodas galimybes tobul\u0117ti dinami\u0161koje krovini\u0173 perve\u017eim\u0173 srityje. Jeigu Jus domint\u0173 darbas m\u016bs\u0173 \u012fmon\u0117je, pra\u0161ome savo gyvenimo apra\u0161ym\u0105 (CV) si\u0173sti adresu: tpc@tpc.eu \u041a\u0430\u0440\u044c\u0435\u0440\u0430 \u0421\u043e\u0442\u0440\u0443\u0434\u043d\u0438\u043a\u0438 \u2013 \u0433\u043b\u0430\u0432\u043d\u043e\u0435 \u0431\u043e\u0433\u0430\u0442\u0441\u0442\u0432\u043e \u043d\u0430\u0448\u0435\u0439 \u043a\u043e\u043c\u043f\u0430\u043d\u0438\u0438. \u041c\u044b \u0446\u0435\u043d\u0438\u043c \u043f\u0440\u043e\u0444\u0435\u0441\u0441\u0438\u043e\u043d\u0430\u043b\u044c\u043d\u044b\u0445, \u0447\u0435\u0441\u0442\u043d\u044b\u0445 \u0438 \u0430\u043c\u0431\u0438\u0446\u0438\u043e\u0437\u043d\u044b\u0445 \u043b\u044e\u0434\u0435\u0439. \u041c\u044b \u0441\u0442\u0440\u0435\u043c\u0438\u043c\u0441\u044f \u043a \u043e\u0431\u0435\u0441\u043f\u0435\u0447\u0435\u043d\u0438\u044e \u043d\u0430\u0438\u043b\u0443\u0447\u0448\u0438\u0445 \u0443\u0441\u043b\u043e\u0432\u0438\u0439 \u0442\u0440\u0443\u0434\u0430 \u0438 \u043f\u0440\u0435\u0434\u043e\u0441\u0442\u0430\u0432\u043b\u0435\u043d\u0438\u044e \u0440\u0430\u0432\u043d\u044b\u0435 \u0432\u043e\u0437\u043c\u043e\u0436\u043d\u043e\u0441\u0442\u0438 \u0440\u043e\u0441\u0442\u0430 \u0432 \u0434\u0438\u043d\u0430\u043c\u0438\u0447\u043d\u043e\u0439 \u043e\u0431\u043b\u0430\u0441\u0442\u0438 \u0442\u0440\u0430\u043d\u0441\u043f\u043e\u0440\u0442\u0438\u0440\u043e\u0432\u043a\u0438 \u0433\u0440\u0443\u0437\u043e\u0432 \u0434\u043b\u044f \u043a\u0430\u0436\u0434\u043e\u0433\u043e \u0447\u043b\u0435\u043d\u0430 \u043d\u0430\u0448\u0435\u0439 \u043a\u043e\u043c\u0430\u043d\u0434\u044b. \u0415\u0441\u043b\u0438 \u0432\u044b \u0437\u0430\u0438\u043d\u0442\u0435\u0440\u0435\u0441\u043e\u0432\u0430\u043d\u044b \u0432 \u0442\u043e\u043c, \u0447\u0442\u043e\u0431\u044b \u0441\u0442\u0430\u0442\u044c \u0441\u043e\u0442\u0440\u0443\u0434\u043d\u0438\u043a\u043e\u043c \u043d\u0430\u0448\u0435\u0439 \u043a\u043e\u043c\u043f\u0430\u043d\u0438\u0438, \u043c\u044b \u043f\u0440\u043e\u0441\u0438\u043c \u0412\u0430\u0441 \u043f\u0440\u0438\u0441\u043b\u0430\u0442\u044c \u0440\u0435\u0437\u044e\u043c\u0435 (CV) \u043d\u0430 \u0430\u0434\u0440\u0435\u0441: tpc@tpc.eu \u00a0 Career Employees are the most important asset of our company. We appreciate professional, honest and ambitious people.Our purpose is to create the best work conditions for every team member and give equal opportunities for the improvement in the dynamic field of cargos transportation. If you are interested working in our company, please send your Curriculum Vitae (CV) to tpc@zebra.lt \u00a0<\/p>","protected":false},"author":1,"featured_media":0,"parent":0,"menu_order":0,"comment_status":"closed","ping_status":"closed","template":"","meta":{"_monsterinsights_skip_tracking":false,"_monsterinsights_sitenote_active":false,"_monsterinsights_sitenote_note":"","_monsterinsights_sitenote_category":0,"footnotes":""},"class_list":["post-1369","page","type-page","status-publish","hentry"],"aioseo_notices":[],"aioseo_head":"\n\t\t<!-- All in One SEO Pro 4.9.3 - aioseo.com -->\n\t<meta name=\"description\" content=\"Karjera Darbuotojai \u2013 svarbiausias m\u016bs\u0173 \u012fmon\u0117s turtas. Vertiname profesionalius, s\u0105\u017einingus ir ambicingus \u017emones. Siekiame kiekvienam savo komandos nariui sudaryti geriausias darbo s\u0105lygas ir suteikti vienodas galimybes tobul\u0117ti dinami\u0161koje krovini\u0173 perve\u017eim\u0173 srityje.Jeigu Jus domint\u0173 darbas m\u016bs\u0173 \u012fmon\u0117je, pra\u0161ome savo gyvenimo apra\u0161ym\u0105 (CV) si\u0173sti adresu: tpc@tpc.eu\" \/>\n\t<meta name=\"robots\" content=\"max-image-preview:large\" \/>\n\t<link rel=\"canonical\" href=\"https:\/\/tir-service.lt\/en\/karjera\/\" \/>\n\t<meta name=\"generator\" content=\"All in One SEO Pro (AIOSEO) 4.9.3\" \/>\n\t\t<meta property=\"og:locale\" content=\"en_US\" \/>\n\t\t<meta property=\"og:site_name\" content=\"TIR SERVICE - Tranzito paslaugu centras TPC, muitin\u0117, 3pl , ekspedijavimas, sand\u0117liavimas\" \/>\n\t\t<meta property=\"og:type\" content=\"article\" \/>\n\t\t<meta property=\"og:title\" content=\"KARJERA - TIR SERVICE\" \/>\n\t\t<meta property=\"og:description\" content=\"Karjera Darbuotojai \u2013 svarbiausias m\u016bs\u0173 \u012fmon\u0117s turtas. Vertiname profesionalius, s\u0105\u017einingus ir ambicingus \u017emones. Siekiame kiekvienam savo komandos nariui sudaryti geriausias darbo s\u0105lygas ir suteikti vienodas galimybes tobul\u0117ti dinami\u0161koje krovini\u0173 perve\u017eim\u0173 srityje.Jeigu Jus domint\u0173 darbas m\u016bs\u0173 \u012fmon\u0117je, pra\u0161ome savo gyvenimo apra\u0161ym\u0105 (CV) si\u0173sti adresu: tpc@tpc.eu\" \/>\n\t\t<meta property=\"og:url\" content=\"https:\/\/tir-service.lt\/en\/karjera\/\" \/>\n\t\t<meta property=\"og:image\" content=\"https:\/\/tir-service.lt\/wp-content\/uploads\/2024\/01\/Screenshot_2024-01-16_at_17.17.08-removebg-preview.png\" \/>\n\t\t<meta property=\"og:image:secure_url\" content=\"https:\/\/tir-service.lt\/wp-content\/uploads\/2024\/01\/Screenshot_2024-01-16_at_17.17.08-removebg-preview.png\" \/>\n\t\t<meta property=\"og:image:width\" content=\"774\" \/>\n\t\t<meta property=\"og:image:height\" content=\"322\" \/>\n\t\t<meta property=\"article:published_time\" content=\"2024-01-09T22:44:41+00:00\" \/>\n\t\t<meta property=\"article:modified_time\" content=\"2024-01-10T16:48:27+00:00\" \/>\n\t\t<meta name=\"twitter:card\" content=\"summary_large_image\" \/>\n\t\t<meta name=\"twitter:title\" content=\"KARJERA - TIR SERVICE\" \/>\n\t\t<meta name=\"twitter:description\" content=\"Karjera Darbuotojai \u2013 svarbiausias m\u016bs\u0173 \u012fmon\u0117s turtas. Vertiname profesionalius, s\u0105\u017einingus ir ambicingus \u017emones. Siekiame kiekvienam savo komandos nariui sudaryti geriausias darbo s\u0105lygas ir suteikti vienodas galimybes tobul\u0117ti dinami\u0161koje krovini\u0173 perve\u017eim\u0173 srityje.Jeigu Jus domint\u0173 darbas m\u016bs\u0173 \u012fmon\u0117je, pra\u0161ome savo gyvenimo apra\u0161ym\u0105 (CV) si\u0173sti adresu: tpc@tpc.eu\" \/>\n\t\t<meta name=\"twitter:image\" content=\"https:\/\/tir-service.lt\/wp-content\/uploads\/2024\/01\/Screenshot_2024-01-16_at_17.17.08-removebg-preview.png\" \/>\n\t\t<script type=\"application\/ld+json\" class=\"aioseo-schema\">\n\t\t\t{\"@context\":\"https:\\\/\\\/schema.org\",\"@graph\":[{\"@type\":\"BreadcrumbList\",\"@id\":\"https:\\\/\\\/tir-service.lt\\\/en\\\/karjera\\\/#breadcrumblist\",\"itemListElement\":[{\"@type\":\"ListItem\",\"@id\":\"https:\\\/\\\/tir-service.lt\\\/en#listItem\",\"position\":1,\"name\":\"Home\",\"item\":\"https:\\\/\\\/tir-service.lt\\\/en\",\"nextItem\":{\"@type\":\"ListItem\",\"@id\":\"https:\\\/\\\/tir-service.lt\\\/en\\\/karjera\\\/#listItem\",\"name\":\"KARJERA\"}},{\"@type\":\"ListItem\",\"@id\":\"https:\\\/\\\/tir-service.lt\\\/en\\\/karjera\\\/#listItem\",\"position\":2,\"name\":\"KARJERA\",\"previousItem\":{\"@type\":\"ListItem\",\"@id\":\"https:\\\/\\\/tir-service.lt\\\/en#listItem\",\"name\":\"Home\"}}]},{\"@type\":\"Organization\",\"@id\":\"https:\\\/\\\/tir-service.lt\\\/en\\\/#organization\",\"name\":\"UAB \\u201eTranzito paslaug\\u0173 centras\\u201d\",\"description\":\"Tranzito paslaugu centras TPC, muitin\\u0117, 3pl , ekspedijavimas, sand\\u0117liavimas\",\"url\":\"https:\\\/\\\/tir-service.lt\\\/en\\\/\",\"telephone\":\"+37068771344\",\"logo\":{\"@type\":\"ImageObject\",\"url\":\"https:\\\/\\\/tir-service.lt\\\/wp-content\\\/uploads\\\/2024\\\/01\\\/Screenshot_2024-01-16_at_17.17.08-removebg-preview.png\",\"@id\":\"https:\\\/\\\/tir-service.lt\\\/en\\\/karjera\\\/#organizationLogo\",\"width\":774,\"height\":322,\"caption\":\"Tranzito paslaugu centras TPC, 3pl , ekspedijavimas, sandeliavimas\"},\"image\":{\"@id\":\"https:\\\/\\\/tir-service.lt\\\/en\\\/karjera\\\/#organizationLogo\"}},{\"@type\":\"WebPage\",\"@id\":\"https:\\\/\\\/tir-service.lt\\\/en\\\/karjera\\\/#webpage\",\"url\":\"https:\\\/\\\/tir-service.lt\\\/en\\\/karjera\\\/\",\"name\":\"KARJERA - TIR SERVICE\",\"description\":\"Karjera Darbuotojai \\u2013 svarbiausias m\\u016bs\\u0173 \\u012fmon\\u0117s turtas. Vertiname profesionalius, s\\u0105\\u017einingus ir ambicingus \\u017emones. Siekiame kiekvienam savo komandos nariui sudaryti geriausias darbo s\\u0105lygas ir suteikti vienodas galimybes tobul\\u0117ti dinami\\u0161koje krovini\\u0173 perve\\u017eim\\u0173 srityje.Jeigu Jus domint\\u0173 darbas m\\u016bs\\u0173 \\u012fmon\\u0117je, pra\\u0161ome savo gyvenimo apra\\u0161ym\\u0105 (CV) si\\u0173sti adresu: tpc@tpc.eu\",\"inLanguage\":\"en-US\",\"isPartOf\":{\"@id\":\"https:\\\/\\\/tir-service.lt\\\/en\\\/#website\"},\"breadcrumb\":{\"@id\":\"https:\\\/\\\/tir-service.lt\\\/en\\\/karjera\\\/#breadcrumblist\"},\"datePublished\":\"2024-01-09T22:44:41+00:00\",\"dateModified\":\"2024-01-10T16:48:27+00:00\"},{\"@type\":\"WebSite\",\"@id\":\"https:\\\/\\\/tir-service.lt\\\/en\\\/#website\",\"url\":\"https:\\\/\\\/tir-service.lt\\\/en\\\/\",\"name\":\"TIR SERVICE\",\"description\":\"Tranzito paslaugu centras TPC, muitin\\u0117, 3pl , ekspedijavimas, sand\\u0117liavimas\",\"inLanguage\":\"en-US\",\"publisher\":{\"@id\":\"https:\\\/\\\/tir-service.lt\\\/en\\\/#organization\"}}]}\n\t\t<\/script>\n\t\t<!-- All in One SEO Pro -->\r\n\t\t<title>KARJERA - TIR SERVICE<\/title>\n\n","aioseo_head_json":{"title":"KARJERA - TIR SERVICE","description":"Karjera Darbuotojai \u2013 svarbiausias m\u016bs\u0173 \u012fmon\u0117s turtas. Vertiname profesionalius, s\u0105\u017einingus ir ambicingus \u017emones. Siekiame kiekvienam savo komandos nariui sudaryti geriausias darbo s\u0105lygas ir suteikti vienodas galimybes tobul\u0117ti dinami\u0161koje krovini\u0173 perve\u017eim\u0173 srityje.Jeigu Jus domint\u0173 darbas m\u016bs\u0173 \u012fmon\u0117je, pra\u0161ome savo gyvenimo apra\u0161ym\u0105 (CV) si\u0173sti adresu: tpc@tpc.eu","canonical_url":"https:\/\/tir-service.lt\/en\/karjera\/","robots":"max-image-preview:large","keywords":"","webmasterTools":{"miscellaneous":""},"schema":{"@context":"https:\/\/schema.org","@graph":[{"@type":"BreadcrumbList","@id":"https:\/\/tir-service.lt\/en\/karjera\/#breadcrumblist","itemListElement":[{"@type":"ListItem","@id":"https:\/\/tir-service.lt\/en#listItem","position":1,"name":"Home","item":"https:\/\/tir-service.lt\/en","nextItem":{"@type":"ListItem","@id":"https:\/\/tir-service.lt\/en\/karjera\/#listItem","name":"KARJERA"}},{"@type":"ListItem","@id":"https:\/\/tir-service.lt\/en\/karjera\/#listItem","position":2,"name":"KARJERA","previousItem":{"@type":"ListItem","@id":"https:\/\/tir-service.lt\/en#listItem","name":"Home"}}]},{"@type":"Organization","@id":"https:\/\/tir-service.lt\/en\/#organization","name":"UAB \u201eTranzito paslaug\u0173 centras\u201d","description":"Tranzito paslaugu centras TPC, muitin\u0117, 3pl , ekspedijavimas, sand\u0117liavimas","url":"https:\/\/tir-service.lt\/en\/","telephone":"+37068771344","logo":{"@type":"ImageObject","url":"https:\/\/tir-service.lt\/wp-content\/uploads\/2024\/01\/Screenshot_2024-01-16_at_17.17.08-removebg-preview.png","@id":"https:\/\/tir-service.lt\/en\/karjera\/#organizationLogo","width":774,"height":322,"caption":"Tranzito paslaugu centras TPC, 3pl , ekspedijavimas, sandeliavimas"},"image":{"@id":"https:\/\/tir-service.lt\/en\/karjera\/#organizationLogo"}},{"@type":"WebPage","@id":"https:\/\/tir-service.lt\/en\/karjera\/#webpage","url":"https:\/\/tir-service.lt\/en\/karjera\/","name":"KARJERA - TIR SERVICE","description":"Karjera Darbuotojai \u2013 svarbiausias m\u016bs\u0173 \u012fmon\u0117s turtas. Vertiname profesionalius, s\u0105\u017einingus ir ambicingus \u017emones. Siekiame kiekvienam savo komandos nariui sudaryti geriausias darbo s\u0105lygas ir suteikti vienodas galimybes tobul\u0117ti dinami\u0161koje krovini\u0173 perve\u017eim\u0173 srityje.Jeigu Jus domint\u0173 darbas m\u016bs\u0173 \u012fmon\u0117je, pra\u0161ome savo gyvenimo apra\u0161ym\u0105 (CV) si\u0173sti adresu: tpc@tpc.eu","inLanguage":"en-US","isPartOf":{"@id":"https:\/\/tir-service.lt\/en\/#website"},"breadcrumb":{"@id":"https:\/\/tir-service.lt\/en\/karjera\/#breadcrumblist"},"datePublished":"2024-01-09T22:44:41+00:00","dateModified":"2024-01-10T16:48:27+00:00"},{"@type":"WebSite","@id":"https:\/\/tir-service.lt\/en\/#website","url":"https:\/\/tir-service.lt\/en\/","name":"TIR SERVICE","description":"Tranzito paslaugu centras TPC, muitin\u0117, 3pl , ekspedijavimas, sand\u0117liavimas","inLanguage":"en-US","publisher":{"@id":"https:\/\/tir-service.lt\/en\/#organization"}}]},"og:locale":"en_US","og:site_name":"TIR SERVICE - Tranzito paslaugu centras TPC, muitin\u0117, 3pl , ekspedijavimas, sand\u0117liavimas","og:type":"article","og:title":"KARJERA - TIR SERVICE","og:description":"Karjera Darbuotojai \u2013 svarbiausias m\u016bs\u0173 \u012fmon\u0117s turtas. Vertiname profesionalius, s\u0105\u017einingus ir ambicingus \u017emones. Siekiame kiekvienam savo komandos nariui sudaryti geriausias darbo s\u0105lygas ir suteikti vienodas galimybes tobul\u0117ti dinami\u0161koje krovini\u0173 perve\u017eim\u0173 srityje.Jeigu Jus domint\u0173 darbas m\u016bs\u0173 \u012fmon\u0117je, pra\u0161ome savo gyvenimo apra\u0161ym\u0105 (CV) si\u0173sti adresu: tpc@tpc.eu","og:url":"https:\/\/tir-service.lt\/en\/karjera\/","og:image":"https:\/\/tir-service.lt\/wp-content\/uploads\/2024\/01\/Screenshot_2024-01-16_at_17.17.08-removebg-preview.png","og:image:secure_url":"https:\/\/tir-service.lt\/wp-content\/uploads\/2024\/01\/Screenshot_2024-01-16_at_17.17.08-removebg-preview.png","og:image:width":774,"og:image:height":322,"article:published_time":"2024-01-09T22:44:41+00:00","article:modified_time":"2024-01-10T16:48:27+00:00","twitter:card":"summary_large_image","twitter:title":"KARJERA - TIR SERVICE","twitter:description":"Karjera Darbuotojai \u2013 svarbiausias m\u016bs\u0173 \u012fmon\u0117s turtas. Vertiname profesionalius, s\u0105\u017einingus ir ambicingus \u017emones. Siekiame kiekvienam savo komandos nariui sudaryti geriausias darbo s\u0105lygas ir suteikti vienodas galimybes tobul\u0117ti dinami\u0161koje krovini\u0173 perve\u017eim\u0173 srityje.Jeigu Jus domint\u0173 darbas m\u016bs\u0173 \u012fmon\u0117je, pra\u0161ome savo gyvenimo apra\u0161ym\u0105 (CV) si\u0173sti adresu: tpc@tpc.eu","twitter:image":"https:\/\/tir-service.lt\/wp-content\/uploads\/2024\/01\/Screenshot_2024-01-16_at_17.17.08-removebg-preview.png"},"aioseo_meta_data":{"post_id":"1369","title":null,"description":null,"keywords":null,"keyphrases":null,"primary_term":null,"canonical_url":null,"og_title":null,"og_description":null,"og_object_type":"default","og_image_type":"default","og_image_url":null,"og_image_width":null,"og_image_height":null,"og_image_custom_url":null,"og_image_custom_fields":null,"og_video":null,"og_custom_url":null,"og_article_section":null,"og_article_tags":null,"twitter_use_og":false,"twitter_card":"default","twitter_image_type":"default","twitter_image_url":null,"twitter_image_custom_url":null,"twitter_image_custom_fields":null,"twitter_title":null,"twitter_description":null,"schema":{"blockGraphs":[],"customGraphs":[],"default":{"data":{"Article":[],"Course":[],"Dataset":[],"FAQPage":[],"Movie":[],"Person":[],"Product":[],"ProductReview":[],"Car":[],"Recipe":[],"Service":[],"SoftwareApplication":[],"WebPage":[]},"graphName":"","isEnabled":true},"graphs":[]},"schema_type":"default","schema_type_options":null,"pillar_content":false,"robots_default":true,"robots_noindex":false,"robots_noarchive":false,"robots_nosnippet":false,"robots_nofollow":false,"robots_noimageindex":false,"robots_noodp":false,"robots_notranslate":false,"robots_max_snippet":null,"robots_max_videopreview":null,"robots_max_imagepreview":"large","priority":null,"frequency":null,"local_seo":null,"seo_analyzer_scan_date":"2026-02-01 21:49:56","breadcrumb_settings":null,"limit_modified_date":false,"open_ai":null,"ai":null,"created":"2024-02-05 10:36:53","updated":"2026-02-01 21:49:56"},"aioseo_breadcrumb":"<div class=\"aioseo-breadcrumbs\"><span class=\"aioseo-breadcrumb\">\n\t<a href=\"https:\/\/tir-service.lt\/en\" title=\"Home\">Home<\/a>\n<\/span><span class=\"aioseo-breadcrumb-separator\">&raquo;<\/span><span class=\"aioseo-breadcrumb\">\n\tKARJERA\n<\/span><\/div>","aioseo_breadcrumb_json":[{"label":"Home","link":"https:\/\/tir-service.lt\/en"},{"label":"KARJERA","link":"https:\/\/tir-service.lt\/en\/karjera\/"}],"_links":{"self":[{"href":"https:\/\/tir-service.lt\/en\/wp-json\/wp\/v2\/pages\/1369","targetHints":{"allow":["GET"]}}],"collection":[{"href":"https:\/\/tir-service.lt\/en\/wp-json\/wp\/v2\/pages"}],"about":[{"href":"https:\/\/tir-service.lt\/en\/wp-json\/wp\/v2\/types\/page"}],"author":[{"embeddable":true,"href":"https:\/\/tir-service.lt\/en\/wp-json\/wp\/v2\/users\/1"}],"replies":[{"embeddable":true,"href":"https:\/\/tir-service.lt\/en\/wp-json\/wp\/v2\/comments?post=1369"}],"version-history":[{"count":0,"href":"https:\/\/tir-service.lt\/en\/wp-json\/wp\/v2\/pages\/1369\/revisions"}],"wp:attachment":[{"href":"https:\/\/tir-service.lt\/en\/wp-json\/wp\/v2\/media?parent=1369"}],"curies":[{"name":"wp","href":"https:\/\/api.w.org\/{rel}","templated":true}]}}