{"id":1219,"date":"2024-01-09T21:45:35","date_gmt":"2024-01-09T21:45:35","guid":{"rendered":"https:\/\/tir-service.lt\/?page_id=1219"},"modified":"2024-03-20T17:30:31","modified_gmt":"2024-03-20T17:30:31","slug":"sandeliu-3pl-ir-ekspedijavimo-paslaugos","status":"publish","type":"page","link":"https:\/\/tir-service.lt\/en\/sandeliu-3pl-ir-ekspedijavimo-paslaugos\/","title":{"rendered":"Warehousing, 3PL and forwarding"},"content":{"rendered":"<div data-elementor-type=\"wp-page\" data-elementor-id=\"1219\" class=\"elementor elementor-1219\">\n\t\t\t\t<div data-particle_enable=\"false\" data-particle-mobile-disabled=\"false\" class=\"elementor-element elementor-element-b0017ab e-flex e-con-boxed wpr-particle-no wpr-jarallax-no wpr-parallax-no wpr-sticky-section-no e-con e-parent\" data-id=\"b0017ab\" data-element_type=\"container\" data-no-translation=\"\">\n\t\t\t\t\t<div class=\"e-con-inner\">\n\t\t\t\t<div class=\"elementor-element elementor-element-3643a2ba elementor-widget elementor-widget-heading\" data-id=\"3643a2ba\" data-element_type=\"widget\" data-widget_type=\"heading.default\">\n\t\t\t\t<div class=\"elementor-widget-container\">\n\t\t\t\t\t<h2 class=\"elementor-heading-title elementor-size-default\">Sand\u0117li\u0173, 3PL ir ekspedijavimo paslaugos<\/h2>\t\t\t\t<\/div>\n\t\t\t\t<\/div>\n\t\t\t\t<div class=\"elementor-element elementor-element-16bcbdff elementor-widget elementor-widget-text-editor\" data-id=\"16bcbdff\" data-element_type=\"widget\" data-widget_type=\"text-editor.default\">\n\t\t\t\t<div class=\"elementor-widget-container\">\n\t\t\t\t\t\t\t\t\t<p>Teikiame sand\u0117liavimo (skirting\u0173 saugojimo re\u017eim\u0173) paslaugas Kaune (Aleksote ir Palemone \u0161alia autostrados Vilnius \u2013 Klaip\u0117da), Klaip\u0117doje bei Daugpilyje. Sand\u0117liuojame dyzelin\u0105 akciziniame muitin\u0117s sand\u0117lyje. Sand\u0117liavimas, 3PL bei ekspedijavimo paslaugos.<\/p><p>M\u016bs\u0173 sand\u0117liuose atliekami ir gele\u017einkelio krovos darbai (turime gele\u017einkelio at\u0161akas). Galime pateikti \u012fvairi\u0173 r\u016b\u0161i\u0173 vagon\u0173 ir konteineri\u0173.<\/p><p>Pakrauname, i\u0161krauname, perkrauname, pataisome krovinio pad\u0117t\u012f ir tvirtinim\u0105.<\/p><p>Krovinius ir prekes sveriame, r\u016b\u0161iuojame, pakuojame, perpakuojame, gaminame joms tar\u0105, \u017eenkliname ir \u017eymime, klijuojame lipdukus ir etiketes, sudedame spausdint\u0105 informacij\u0105 ir kt.<\/p><p>Ekspedijavimo paslaugos: Ekspedijuojame keli\u0173, gele\u017einkeli\u0173, oro ir vandens transportu \u012fvairius krovinius visomis kryptimis \u201enuo dur\u0173 iki dur\u0173\u201c.<\/p><p>Tik m\u016bs\u0173 klientai pasienio muitin\u0117s poste Kybartuose gauna pagalb\u0105 organizuojant ir atliekant krovini\u0173 perkrovimo ir j\u0173 bei transporto priemoni\u0173 ardymo darbus muitin\u0117s patikrai.<\/p>\t\t\t\t\t\t\t\t<\/div>\n\t\t\t\t<\/div>\n\t\t\t\t\t<\/div>\n\t\t\t\t<\/div>\n\t\t\t\t<\/div>","protected":false},"excerpt":{"rendered":"<p>Sand\u0117li\u0173, 3PL ir ekspedijavimo paslaugos Teikiame sand\u0117liavimo (skirting\u0173 saugojimo re\u017eim\u0173) paslaugas Kaune (Aleksote ir Palemone \u0161alia autostrados Vilnius \u2013 Klaip\u0117da), Klaip\u0117doje bei Daugpilyje. Sand\u0117liuojame dyzelin\u0105 akciziniame muitin\u0117s sand\u0117lyje. Sand\u0117liavimas, 3PL bei ekspedijavimo paslaugos. M\u016bs\u0173 sand\u0117liuose atliekami ir gele\u017einkelio krovos darbai (turime gele\u017einkelio at\u0161akas). Galime pateikti \u012fvairi\u0173 r\u016b\u0161i\u0173 vagon\u0173 ir konteineri\u0173. Pakrauname, i\u0161krauname, perkrauname, pataisome krovinio pad\u0117t\u012f ir tvirtinim\u0105. Krovinius ir prekes sveriame, r\u016b\u0161iuojame, pakuojame, perpakuojame, gaminame joms tar\u0105, \u017eenkliname ir \u017eymime, klijuojame lipdukus ir etiketes, sudedame spausdint\u0105 informacij\u0105 ir kt. Ekspedijavimo paslaugos: Ekspedijuojame keli\u0173, gele\u017einkeli\u0173, oro ir vandens transportu \u012fvairius krovinius visomis kryptimis \u201enuo dur\u0173 iki dur\u0173\u201c. Tik m\u016bs\u0173 klientai pasienio muitin\u0117s poste Kybartuose gauna pagalb\u0105 organizuojant ir atliekant krovini\u0173 perkrovimo ir j\u0173 bei transporto priemoni\u0173 ardymo darbus muitin\u0117s patikrai. Warehousing, 3PL and forwarding We provide warehousing (different storage modes) services in Kaunas (Aleksotas and Palemonas (near the highway Vilnius &#8211; Klaip\u0117da)), Klaip\u0117da (port) and Daugavpils (Latvia). Our warehouses also carry out railway loading works (in own railway branches). We can offer different types of wagons and containers for our clients. Cargo services &#8211; loading, unloading, reloading, correction of\u00a0 the load position. We also provide cargo weighting, sorting, packing, repacking, production of necessary packing materials and solutions, labeling and marking, provide printed information, etc. for all kind of goods. We organize transportation of all kinds of cargo from door to door by road, rail, air and water. Only our clients can receive assistance at the customs post in Kybartai in the cases of through cargo checking, cargo transshipment and\/or dismantling of their vehicles. \u0423\u0441\u043b\u0443\u0433\u0438 \u0441\u043a\u043b\u0430\u0434\u043e\u0432, 3PL \u0438 \u044d\u043a\u0441\u043f\u0435\u0434\u0438\u0440\u043e\u0432\u0430\u043d\u0438\u044f \u041f\u0440\u0435\u0434\u043e\u0441\u0442\u0430\u0432\u043b\u044f\u0435\u043c \u0443\u0441\u043b\u0443\u0433\u0438 \u0441\u043a\u043b\u0430\u0434\u0438\u0440\u043e\u0432\u0430\u043d\u0438\u044f (\u0440\u0430\u0437\u043b\u0438\u0447\u043d\u044b\u0435 \u0441\u043f\u043e\u0441\u043e\u0431\u044b \u0445\u0440\u0430\u043d\u0435\u043d\u0438\u044f) \u0432 \u041a\u0430\u0443\u043d\u0430\u0441\u0435 (\u0410\u043b\u0435\u043a\u0441\u043e\u0442\u0430\u0441\u0435 \u0438 \u041f\u0430\u043b\u0435\u043c\u043e\u043d\u0430\u0441\u0435 \u043d\u0435\u0434\u0430\u043b\u0435\u043a\u043e \u043e\u0442 \u0430\u0432\u0442\u043e\u043c\u0430\u0433\u0438\u0441\u0442\u0440\u0430\u043b\u0438 \u0412\u0438\u043b\u044c\u043d\u044e\u0441 &#8211; \u041a\u043b\u0430\u0439\u043f\u0435\u0434\u0430), \u041a\u043b\u0430\u0439\u043f\u0435\u0434\u0435 \u0438 \u0414\u0430\u0443\u0433\u0430\u0432\u043f\u0438\u043b\u0441\u0435 (\u041b\u0430\u0442\u0432\u0438\u044f). \u041d\u0430\u0448\u0438 \u0441\u043a\u043b\u0430\u0434\u044b \u0442\u0430\u043a\u0436\u0435 \u0432\u044b\u043f\u043e\u043b\u043d\u044f\u044e\u0442 \u0436\u0435\u043b\u0435\u0437\u043d\u043e\u0434\u043e\u0440\u043e\u0436\u043d\u044b\u0435 \u043f\u043e\u0433\u0440\u0443\u0437\u043e\u0447\u043d\u044b\u0435 \u0440\u0430\u0431\u043e\u0442\u044b (\u0443 \u043d\u0430\u0441 \u0435\u0441\u0442\u044c \u0436\u0435\u043b\u0435\u0437\u043d\u043e\u0434\u043e\u0440\u043e\u0436\u043d\u044b\u0435 \u0432\u0435\u0442\u043a\u0438). \u041c\u043e\u0436\u0435\u043c \u043f\u0440\u0435\u0434\u043e\u0441\u0442\u0430\u0432\u0438\u0442\u044c \u0440\u0430\u0437\u043b\u0438\u0447\u043d\u044b\u0435 \u0442\u0438\u043f\u044b \u0432\u0430\u0433\u043e\u043d\u043e\u0432 \u0438 \u043a\u043e\u043d\u0442\u0435\u0439\u043d\u0435\u0440\u043e\u0432. \u0417\u0430\u0433\u0440\u0443\u0436\u0430\u0435\u043c, \u0432\u044b\u0433\u0440\u0443\u0436\u0430\u0435\u043c, \u043f\u0435\u0440\u0435\u0437\u0430\u0433\u0440\u0443\u0436\u0430\u0435\u043c \u0433\u0440\u0443\u0437\u044b, \u043a\u043e\u0440\u0440\u0435\u043a\u0442\u0438\u0440\u0443\u0435\u043c \u043f\u043e\u043b\u043e\u0436\u0435\u043d\u0438\u0435 \u0438 \u0432\u043b\u043e\u0436\u0435\u043d\u0438\u0435 \u0437\u0430\u0433\u0440\u0443\u0437\u043a\u0438. \u0412\u0437\u0432\u0435\u0448\u0438\u0432\u0430\u0435\u043c, \u0441\u043e\u0440\u0442\u0438\u0440\u0443\u0435\u043c, \u0443\u043f\u0430\u043a\u043e\u0432\u044b\u0432\u0430\u0435\u043c, \u043f\u0435\u0440\u0435\u0443\u043f\u0430\u043a\u043e\u0432\u044b\u0432\u0430\u0435\u043c, \u0434\u0435\u043b\u0430\u0435\u043c \u043d\u0430\u0432\u0430\u043b\u043e\u043c, \u043c\u0430\u0440\u043a\u0438\u0440\u0443\u0435\u043c \u0438 \u043c\u0430\u0440\u043a\u0438\u0440\u0443\u0435\u043c, \u043d\u0430\u043a\u043b\u0435\u0438\u0432\u0430\u0435\u043c \u044d\u0442\u0438\u043a\u0435\u0442\u043a\u0438 \u0438 \u043d\u0430\u043a\u043b\u0435\u0439\u043a\u0438, \u0441\u0442\u0430\u0432\u0438\u043c \u043f\u0435\u0447\u0430\u0442\u043d\u0443\u044e \u0438\u043d\u0444\u043e\u0440\u043c\u0430\u0446\u0438\u044e \u0438 \u0442. \u0434. \u0414\u043e\u0441\u0442\u0430\u0432\u043b\u044f\u0435\u043c \u0440\u0430\u0437\u043b\u0438\u0447\u043d\u044b\u0435 \u0442\u043e\u0432\u0430\u0440\u044b \u043f\u043e \u043f\u0440\u0438\u043d\u0446\u0438\u043f\u0443 &lt;&lt;\u043e\u0442 \u0434\u0432\u0435\u0440\u0438 \u0434\u043e \u0434\u0432\u0435\u0440\u0438&gt;&gt; \u0430\u0432\u0442\u043e\u043c\u043e\u0431\u0438\u043b\u044c\u043d\u044b\u043c, \u0436\u0435\u043b\u0435\u0437\u043d\u043e\u0434\u043e\u0440\u043e\u0436\u043d\u044b\u043c, \u0432\u043e\u0437\u0434\u0443\u0448\u043d\u044b\u043c \u0438 \u0432\u043e\u0434\u043d\u044b\u043c \u0442\u0440\u0430\u043d\u0441\u043f\u043e\u0440\u0442\u043e\u043c. \u0422\u043e\u043b\u044c\u043a\u043e \u043d\u0430\u0448\u0438 \u043a\u043b\u0438\u0435\u043d\u0442\u044b \u043d\u0430 \u0442\u0430\u043c\u043e\u0436\u0435\u043d\u043d\u043e\u043c \u043f\u043e\u0441\u0442\u0443 \u0432 \u041a\u0438\u0431\u0430\u0440\u0442\u0430\u0439 \u043f\u043e\u043b\u0443\u0447\u0430\u044e\u0442 \u043f\u043e\u043c\u043e\u0449\u044c \u0432 \u043f\u0440\u043e\u0432\u0435\u0440\u043a\u0435 \u0433\u0440\u0443\u0437\u0430 \u0438\/\u0438\u043b\u0438 \u0434\u0435\u043c\u043e\u043d\u0442\u0430\u0436\u0430 \u0438\u0445 \u0442\u0440\u0430\u043d\u0441\u043f\u043e\u0440\u0442\u043d\u044b\u0445 \u0441\u0440\u0435\u0434\u0441\u0442\u0432.<\/p>","protected":false},"author":1,"featured_media":0,"parent":0,"menu_order":0,"comment_status":"closed","ping_status":"closed","template":"","meta":{"_monsterinsights_skip_tracking":false,"_monsterinsights_sitenote_active":false,"_monsterinsights_sitenote_note":"","_monsterinsights_sitenote_category":0,"footnotes":""},"class_list":["post-1219","page","type-page","status-publish","hentry"],"aioseo_notices":[],"aioseo_head":"\n\t\t<!-- All in One SEO Pro 4.9.3 - aioseo.com -->\n\t<meta name=\"description\" content=\"3PL logistikos paslaugos. Sand\u0117liavimas bei ekspedijavimo paslaugos. Pakrauname, i\u0161krauname, perkrauname, pataisome krovinio pad\u0117t\u012f ir tvirtinim\u0105.\" \/>\n\t<meta name=\"robots\" content=\"max-image-preview:large\" \/>\n\t<link rel=\"canonical\" href=\"https:\/\/tir-service.lt\/en\/sandeliu-3pl-ir-ekspedijavimo-paslaugos\/\" \/>\n\t<meta name=\"generator\" content=\"All in One SEO Pro (AIOSEO) 4.9.3\" \/>\n\t\t<meta property=\"og:locale\" content=\"en_US\" \/>\n\t\t<meta property=\"og:site_name\" content=\"TIR SERVICE - Tranzito paslaugu centras TPC, muitin\u0117, 3pl , ekspedijavimas, sand\u0117liavimas\" \/>\n\t\t<meta property=\"og:type\" content=\"article\" \/>\n\t\t<meta property=\"og:title\" content=\"Sand\u0117li\u0173, 3PL ir ekspedijavimo paslaugos - TIR SERVICE\" \/>\n\t\t<meta property=\"og:description\" content=\"3PL logistikos paslaugos. Sand\u0117liavimas bei ekspedijavimo paslaugos. Pakrauname, i\u0161krauname, perkrauname, pataisome krovinio pad\u0117t\u012f ir tvirtinim\u0105.\" \/>\n\t\t<meta property=\"og:url\" content=\"https:\/\/tir-service.lt\/en\/sandeliu-3pl-ir-ekspedijavimo-paslaugos\/\" \/>\n\t\t<meta property=\"og:image\" content=\"https:\/\/tir-service.lt\/wp-content\/uploads\/2024\/01\/Screenshot_2024-01-16_at_17.17.08-removebg-preview.png\" \/>\n\t\t<meta property=\"og:image:secure_url\" content=\"https:\/\/tir-service.lt\/wp-content\/uploads\/2024\/01\/Screenshot_2024-01-16_at_17.17.08-removebg-preview.png\" \/>\n\t\t<meta property=\"og:image:width\" content=\"774\" \/>\n\t\t<meta property=\"og:image:height\" content=\"322\" \/>\n\t\t<meta property=\"article:published_time\" content=\"2024-01-09T21:45:35+00:00\" \/>\n\t\t<meta property=\"article:modified_time\" content=\"2024-03-20T17:30:31+00:00\" \/>\n\t\t<meta name=\"twitter:card\" content=\"summary_large_image\" \/>\n\t\t<meta name=\"twitter:title\" content=\"Sand\u0117li\u0173, 3PL ir ekspedijavimo paslaugos - TIR SERVICE\" \/>\n\t\t<meta name=\"twitter:description\" content=\"3PL logistikos paslaugos. Sand\u0117liavimas bei ekspedijavimo paslaugos. Pakrauname, i\u0161krauname, perkrauname, pataisome krovinio pad\u0117t\u012f ir tvirtinim\u0105.\" \/>\n\t\t<meta name=\"twitter:image\" content=\"https:\/\/tir-service.lt\/wp-content\/uploads\/2024\/01\/Screenshot_2024-01-16_at_17.17.08-removebg-preview.png\" \/>\n\t\t<script type=\"application\/ld+json\" class=\"aioseo-schema\">\n\t\t\t{\"@context\":\"https:\\\/\\\/schema.org\",\"@graph\":[{\"@type\":\"BreadcrumbList\",\"@id\":\"https:\\\/\\\/tir-service.lt\\\/en\\\/sandeliu-3pl-ir-ekspedijavimo-paslaugos\\\/#breadcrumblist\",\"itemListElement\":[{\"@type\":\"ListItem\",\"@id\":\"https:\\\/\\\/tir-service.lt\\\/en#listItem\",\"position\":1,\"name\":\"Home\",\"item\":\"https:\\\/\\\/tir-service.lt\\\/en\",\"nextItem\":{\"@type\":\"ListItem\",\"@id\":\"https:\\\/\\\/tir-service.lt\\\/en\\\/sandeliu-3pl-ir-ekspedijavimo-paslaugos\\\/#listItem\",\"name\":\"Sand\\u0117li\\u0173, 3PL ir ekspedijavimo paslaugos\"}},{\"@type\":\"ListItem\",\"@id\":\"https:\\\/\\\/tir-service.lt\\\/en\\\/sandeliu-3pl-ir-ekspedijavimo-paslaugos\\\/#listItem\",\"position\":2,\"name\":\"Sand\\u0117li\\u0173, 3PL ir ekspedijavimo paslaugos\",\"previousItem\":{\"@type\":\"ListItem\",\"@id\":\"https:\\\/\\\/tir-service.lt\\\/en#listItem\",\"name\":\"Home\"}}]},{\"@type\":\"Organization\",\"@id\":\"https:\\\/\\\/tir-service.lt\\\/en\\\/#organization\",\"name\":\"UAB \\u201eTranzito paslaug\\u0173 centras\\u201d\",\"description\":\"Tranzito paslaugu centras TPC, muitin\\u0117, 3pl , ekspedijavimas, sand\\u0117liavimas\",\"url\":\"https:\\\/\\\/tir-service.lt\\\/en\\\/\",\"telephone\":\"+37068771344\",\"logo\":{\"@type\":\"ImageObject\",\"url\":\"https:\\\/\\\/tir-service.lt\\\/wp-content\\\/uploads\\\/2024\\\/01\\\/Screenshot_2024-01-16_at_17.17.08-removebg-preview.png\",\"@id\":\"https:\\\/\\\/tir-service.lt\\\/en\\\/sandeliu-3pl-ir-ekspedijavimo-paslaugos\\\/#organizationLogo\",\"width\":774,\"height\":322,\"caption\":\"Tranzito paslaugu centras TPC, 3pl , ekspedijavimas, sandeliavimas\"},\"image\":{\"@id\":\"https:\\\/\\\/tir-service.lt\\\/en\\\/sandeliu-3pl-ir-ekspedijavimo-paslaugos\\\/#organizationLogo\"}},{\"@type\":\"WebPage\",\"@id\":\"https:\\\/\\\/tir-service.lt\\\/en\\\/sandeliu-3pl-ir-ekspedijavimo-paslaugos\\\/#webpage\",\"url\":\"https:\\\/\\\/tir-service.lt\\\/en\\\/sandeliu-3pl-ir-ekspedijavimo-paslaugos\\\/\",\"name\":\"Sand\\u0117li\\u0173, 3PL ir ekspedijavimo paslaugos - TIR SERVICE\",\"description\":\"3PL logistikos paslaugos. Sand\\u0117liavimas bei ekspedijavimo paslaugos. Pakrauname, i\\u0161krauname, perkrauname, pataisome krovinio pad\\u0117t\\u012f ir tvirtinim\\u0105.\",\"inLanguage\":\"en-US\",\"isPartOf\":{\"@id\":\"https:\\\/\\\/tir-service.lt\\\/en\\\/#website\"},\"breadcrumb\":{\"@id\":\"https:\\\/\\\/tir-service.lt\\\/en\\\/sandeliu-3pl-ir-ekspedijavimo-paslaugos\\\/#breadcrumblist\"},\"datePublished\":\"2024-01-09T21:45:35+00:00\",\"dateModified\":\"2024-03-20T17:30:31+00:00\"},{\"@type\":\"WebSite\",\"@id\":\"https:\\\/\\\/tir-service.lt\\\/en\\\/#website\",\"url\":\"https:\\\/\\\/tir-service.lt\\\/en\\\/\",\"name\":\"TIR SERVICE\",\"description\":\"Tranzito paslaugu centras TPC, muitin\\u0117, 3pl , ekspedijavimas, sand\\u0117liavimas\",\"inLanguage\":\"en-US\",\"publisher\":{\"@id\":\"https:\\\/\\\/tir-service.lt\\\/en\\\/#organization\"}}]}\n\t\t<\/script>\n\t\t<!-- All in One SEO Pro -->\r\n\t\t<title>Sand\u0117li\u0173, 3PL ir ekspedijavimo paslaugos - TIR SERVICE<\/title>\n\n","aioseo_head_json":{"title":"Sand\u0117li\u0173, 3PL ir ekspedijavimo paslaugos - TIR SERVICE","description":"3PL logistikos paslaugos. Sand\u0117liavimas bei ekspedijavimo paslaugos. Pakrauname, i\u0161krauname, perkrauname, pataisome krovinio pad\u0117t\u012f ir tvirtinim\u0105.","canonical_url":"https:\/\/tir-service.lt\/en\/sandeliu-3pl-ir-ekspedijavimo-paslaugos\/","robots":"max-image-preview:large","keywords":"","webmasterTools":{"miscellaneous":""},"schema":{"@context":"https:\/\/schema.org","@graph":[{"@type":"BreadcrumbList","@id":"https:\/\/tir-service.lt\/en\/sandeliu-3pl-ir-ekspedijavimo-paslaugos\/#breadcrumblist","itemListElement":[{"@type":"ListItem","@id":"https:\/\/tir-service.lt\/en#listItem","position":1,"name":"Home","item":"https:\/\/tir-service.lt\/en","nextItem":{"@type":"ListItem","@id":"https:\/\/tir-service.lt\/en\/sandeliu-3pl-ir-ekspedijavimo-paslaugos\/#listItem","name":"Sand\u0117li\u0173, 3PL ir ekspedijavimo paslaugos"}},{"@type":"ListItem","@id":"https:\/\/tir-service.lt\/en\/sandeliu-3pl-ir-ekspedijavimo-paslaugos\/#listItem","position":2,"name":"Sand\u0117li\u0173, 3PL ir ekspedijavimo paslaugos","previousItem":{"@type":"ListItem","@id":"https:\/\/tir-service.lt\/en#listItem","name":"Home"}}]},{"@type":"Organization","@id":"https:\/\/tir-service.lt\/en\/#organization","name":"UAB \u201eTranzito paslaug\u0173 centras\u201d","description":"Tranzito paslaugu centras TPC, muitin\u0117, 3pl , ekspedijavimas, sand\u0117liavimas","url":"https:\/\/tir-service.lt\/en\/","telephone":"+37068771344","logo":{"@type":"ImageObject","url":"https:\/\/tir-service.lt\/wp-content\/uploads\/2024\/01\/Screenshot_2024-01-16_at_17.17.08-removebg-preview.png","@id":"https:\/\/tir-service.lt\/en\/sandeliu-3pl-ir-ekspedijavimo-paslaugos\/#organizationLogo","width":774,"height":322,"caption":"Tranzito paslaugu centras TPC, 3pl , ekspedijavimas, sandeliavimas"},"image":{"@id":"https:\/\/tir-service.lt\/en\/sandeliu-3pl-ir-ekspedijavimo-paslaugos\/#organizationLogo"}},{"@type":"WebPage","@id":"https:\/\/tir-service.lt\/en\/sandeliu-3pl-ir-ekspedijavimo-paslaugos\/#webpage","url":"https:\/\/tir-service.lt\/en\/sandeliu-3pl-ir-ekspedijavimo-paslaugos\/","name":"Sand\u0117li\u0173, 3PL ir ekspedijavimo paslaugos - TIR SERVICE","description":"3PL logistikos paslaugos. Sand\u0117liavimas bei ekspedijavimo paslaugos. Pakrauname, i\u0161krauname, perkrauname, pataisome krovinio pad\u0117t\u012f ir tvirtinim\u0105.","inLanguage":"en-US","isPartOf":{"@id":"https:\/\/tir-service.lt\/en\/#website"},"breadcrumb":{"@id":"https:\/\/tir-service.lt\/en\/sandeliu-3pl-ir-ekspedijavimo-paslaugos\/#breadcrumblist"},"datePublished":"2024-01-09T21:45:35+00:00","dateModified":"2024-03-20T17:30:31+00:00"},{"@type":"WebSite","@id":"https:\/\/tir-service.lt\/en\/#website","url":"https:\/\/tir-service.lt\/en\/","name":"TIR SERVICE","description":"Tranzito paslaugu centras TPC, muitin\u0117, 3pl , ekspedijavimas, sand\u0117liavimas","inLanguage":"en-US","publisher":{"@id":"https:\/\/tir-service.lt\/en\/#organization"}}]},"og:locale":"en_US","og:site_name":"TIR SERVICE - Tranzito paslaugu centras TPC, muitin\u0117, 3pl , ekspedijavimas, sand\u0117liavimas","og:type":"article","og:title":"Sand\u0117li\u0173, 3PL ir ekspedijavimo paslaugos - TIR SERVICE","og:description":"3PL logistikos paslaugos. Sand\u0117liavimas bei ekspedijavimo paslaugos. Pakrauname, i\u0161krauname, perkrauname, pataisome krovinio pad\u0117t\u012f ir tvirtinim\u0105.","og:url":"https:\/\/tir-service.lt\/en\/sandeliu-3pl-ir-ekspedijavimo-paslaugos\/","og:image":"https:\/\/tir-service.lt\/wp-content\/uploads\/2024\/01\/Screenshot_2024-01-16_at_17.17.08-removebg-preview.png","og:image:secure_url":"https:\/\/tir-service.lt\/wp-content\/uploads\/2024\/01\/Screenshot_2024-01-16_at_17.17.08-removebg-preview.png","og:image:width":774,"og:image:height":322,"article:published_time":"2024-01-09T21:45:35+00:00","article:modified_time":"2024-03-20T17:30:31+00:00","twitter:card":"summary_large_image","twitter:title":"Sand\u0117li\u0173, 3PL ir ekspedijavimo paslaugos - TIR SERVICE","twitter:description":"3PL logistikos paslaugos. Sand\u0117liavimas bei ekspedijavimo paslaugos. Pakrauname, i\u0161krauname, perkrauname, pataisome krovinio pad\u0117t\u012f ir tvirtinim\u0105.","twitter:image":"https:\/\/tir-service.lt\/wp-content\/uploads\/2024\/01\/Screenshot_2024-01-16_at_17.17.08-removebg-preview.png"},"aioseo_meta_data":{"post_id":"1219","title":null,"description":"3PL logistikos paslaugos. Sand\u0117liavimas bei ekspedijavimo paslaugos. Pakrauname, i\u0161krauname, perkrauname, pataisome krovinio pad\u0117t\u012f ir tvirtinim\u0105.","keywords":[],"keyphrases":{"focus":{"keyphrase":"3pl","score":100,"analysis":{"keyphraseInTitle":{"score":9,"maxScore":9,"error":0},"keyphraseInDescription":{"score":9,"maxScore":9,"error":0},"keyphraseLength":{"score":9,"maxScore":9,"error":0,"length":1},"keyphraseInURL":{"score":5,"maxScore":5,"error":0},"keyphraseInIntroduction":{"score":9,"maxScore":9,"error":0},"keyphraseInSubHeadings":{"score":9,"maxScore":9,"error":0},"keyphraseInImageAlt":[],"keywordDensity":{"type":"best","score":9,"maxScore":9,"error":0}}},"additional":[{"keyphrase":"sand\u0117liavimas","score":75,"analysis":{"keyphraseInDescription":{"score":9,"maxScore":9,"error":0},"keyphraseLength":{"score":9,"maxScore":9,"error":0,"length":2},"keyphraseInIntroduction":{"score":9,"maxScore":9,"error":0},"keyphraseInImageAlt":[],"keywordDensity":{"score":0,"type":"low","maxScore":9,"error":1}}},{"keyphrase":"ekspedijavimo paslaugos","score":100,"analysis":{"keyphraseInDescription":{"score":9,"maxScore":9,"error":0},"keyphraseLength":{"score":9,"maxScore":9,"error":0,"length":2},"keyphraseInIntroduction":{"score":9,"maxScore":9,"error":0},"keyphraseInImageAlt":[],"keywordDensity":{"type":"best","score":9,"maxScore":9,"error":0}}}]},"primary_term":null,"canonical_url":null,"og_title":null,"og_description":null,"og_object_type":"default","og_image_type":"default","og_image_url":null,"og_image_width":null,"og_image_height":null,"og_image_custom_url":null,"og_image_custom_fields":null,"og_video":"","og_custom_url":null,"og_article_section":null,"og_article_tags":[],"twitter_use_og":false,"twitter_card":"default","twitter_image_type":"default","twitter_image_url":null,"twitter_image_custom_url":null,"twitter_image_custom_fields":null,"twitter_title":null,"twitter_description":null,"schema":{"blockGraphs":[],"customGraphs":[],"default":{"data":{"Article":[],"Course":[],"Dataset":[],"FAQPage":[],"Movie":[],"Person":[],"Product":[],"ProductReview":[],"Car":[],"Recipe":[],"Service":[],"SoftwareApplication":[],"WebPage":[]},"graphName":"WebPage","isEnabled":true},"graphs":[]},"schema_type":"default","schema_type_options":null,"pillar_content":false,"robots_default":true,"robots_noindex":false,"robots_noarchive":false,"robots_nosnippet":false,"robots_nofollow":false,"robots_noimageindex":false,"robots_noodp":false,"robots_notranslate":false,"robots_max_snippet":"-1","robots_max_videopreview":"-1","robots_max_imagepreview":"large","priority":null,"frequency":"default","local_seo":null,"seo_analyzer_scan_date":"2026-02-01 21:48:50","breadcrumb_settings":null,"limit_modified_date":false,"open_ai":"{\"title\":{\"suggestions\":[],\"usage\":0},\"description\":{\"suggestions\":[],\"usage\":0}}","ai":null,"created":"2024-02-05 10:36:53","updated":"2026-02-01 21:48:50"},"aioseo_breadcrumb":"<div class=\"aioseo-breadcrumbs\"><span class=\"aioseo-breadcrumb\">\n\t<a href=\"https:\/\/tir-service.lt\/en\" title=\"Home\">Home<\/a>\n<\/span><span class=\"aioseo-breadcrumb-separator\">&raquo;<\/span><span class=\"aioseo-breadcrumb\">\n\tSand\u0117li\u0173, 3PL ir ekspedijavimo paslaugos\n<\/span><\/div>","aioseo_breadcrumb_json":[{"label":"Home","link":"https:\/\/tir-service.lt\/en"},{"label":"Sand\u0117li\u0173, 3PL ir ekspedijavimo paslaugos","link":"https:\/\/tir-service.lt\/en\/sandeliu-3pl-ir-ekspedijavimo-paslaugos\/"}],"_links":{"self":[{"href":"https:\/\/tir-service.lt\/en\/wp-json\/wp\/v2\/pages\/1219","targetHints":{"allow":["GET"]}}],"collection":[{"href":"https:\/\/tir-service.lt\/en\/wp-json\/wp\/v2\/pages"}],"about":[{"href":"https:\/\/tir-service.lt\/en\/wp-json\/wp\/v2\/types\/page"}],"author":[{"embeddable":true,"href":"https:\/\/tir-service.lt\/en\/wp-json\/wp\/v2\/users\/1"}],"replies":[{"embeddable":true,"href":"https:\/\/tir-service.lt\/en\/wp-json\/wp\/v2\/comments?post=1219"}],"version-history":[{"count":0,"href":"https:\/\/tir-service.lt\/en\/wp-json\/wp\/v2\/pages\/1219\/revisions"}],"wp:attachment":[{"href":"https:\/\/tir-service.lt\/en\/wp-json\/wp\/v2\/media?parent=1219"}],"curies":[{"name":"wp","href":"https:\/\/api.w.org\/{rel}","templated":true}]}}